{"id":926,"date":"2023-01-23T17:05:50","date_gmt":"2023-01-23T17:05:50","guid":{"rendered":"https:\/\/orthorug.eu\/ueber-uns\/"},"modified":"2023-01-30T17:35:52","modified_gmt":"2023-01-30T17:35:52","slug":"ueber-uns","status":"publish","type":"page","link":"https:\/\/orthopet.co\/de\/ueber-uns\/","title":{"rendered":"\u00dcber uns"},"content":{"rendered":"\t\t<div data-elementor-type=\"wp-page\" data-elementor-id=\"926\" class=\"elementor elementor-926 elementor-458\">\n\t\t\t\t\t\t<section class=\"elementor-section elementor-top-section elementor-element elementor-element-fcf4834 elementor-section-boxed elementor-section-gap-beside-yes elementor-section-height-default elementor-section-height-default elementor-section-column-vertical-align-stretch\" data-id=\"fcf4834\" data-element_type=\"section\" data-e-type=\"section\">\n\t\t\t\t\t\t<div class=\"elementor-container elementor-column-gap-extended\">\n\t\t\t\t\t<div class=\"elementor-column elementor-col-100 elementor-top-column elementor-element elementor-element-44861ec\" data-id=\"44861ec\" data-element_type=\"column\" data-e-type=\"column\">\n\t\t\t<div class=\"elementor-widget-wrap elementor-element-populated\">\n\t\t\t\t\t\t<div class=\"elementor-element elementor-element-d916ca5 elementor-widget elementor-widget-text-editor\" data-id=\"d916ca5\" data-element_type=\"widget\" data-e-type=\"widget\" data-widget_type=\"text-editor.default\">\n\t\t\t\t<div class=\"elementor-widget-container\">\n\t\t\t\t\t\t\t\t\t<div class=\"row fl_center mt__60 mb__100\">\n<div class=\"id_block_page_about_us-0 col-12 col-md-6 txtn mt__25\">\n<h3 class=\"fs__20\">DARF ICH VORSTELLE BELLA<\/h3>\n<p class=\"mg__0\">unser Labrador<\/p>\n<p><img fetchpriority=\"high\" decoding=\"async\" src=\"https:\/\/cdn.shopify.com\/s\/files\/1\/0596\/9231\/8889\/files\/5.jpg?v=1630467387\" alt=\"\" width=\"480\" height=\"480\"><\/p>\n<p><strong>Wenn Bella eines unserer Produkte nicht mag, werden wir es nicht verkaufen.<\/strong><\/p>\n<\/p>\n<\/div>\n<div class=\"id_block_page_about_us-1 col-12 col-md-6 txtn mt__25\">\n<h3 class=\"fs__20\">Unser Auftrag<\/h3>\n<p class=\"mg__0\">ist es, hochwertige Betten und Zubeh\u00f6r f\u00fcr Hunde anzubieten. Viele Experten gehen davon aus, dass Schlafmangel dazu beitragen kann, dass Ihr Hund schlecht gelaunt ist. Ihr Freund braucht komfortablen und qualitativ hochwertigen Schlaf f\u00fcr eine aktive und gute Gesundheit (siehe Bella).  <\/p>\n<p>Wir sind stolz auf unsere Produkte, und wir liefern die beste Qualit\u00e4t f\u00fcr Ihre besten Freunde. Unser Ziel ist es, unseren Kunden die bestm\u00f6gliche Erfahrung zu bieten, von dem Moment an, in dem Sie Ihre Bestellung aufgeben, bis zu der Sekunde, in der Sie Ihr Hundebett von OrthoRug erhalten. <\/p>\n<p>Unsere Kunden sind unsere oberste Priorit\u00e4t; wir arbeiten hart daran, eine langfristige und bedeutungsvolle Beziehung zu Ihnen aufzubauen.<\/p>\n<\/div>\n<div class=\"block_html id_block_8b229e2a-b3e0-4767-bb9a-e3395b4b596a col-12 col-md-6 mt__25\">\n<div class=\"content_html\">\n<p><img decoding=\"async\" src=\"https:\/\/cdn.shopify.com\/s\/files\/1\/0441\/3947\/9207\/files\/coladge.jpg?v=1609242495\" alt=\"\" width=\"800\" height=\"800\"><\/p>\n<\/div>\n<\/div>\n<div class=\"id_block_24d35871-e36f-4c97-a5dd-58fd288a3150 col-12 col-md-6 txtn mt__25\">\n<h3 class=\"fs__20\">Kompromisslose Qualit\u00e4t und zeitloses Design<\/h3>\n<p class=\"mg__0\">Die Qualit\u00e4tsstandards von OrthoRug sind noch genauso kompromisslos wie bei der Gr\u00fcndung der Marke. Jedes St\u00fcck wird mit den hochwertigsten Materialien handgefertigt, und wir pr\u00fcfen jedes Produkt, um unseren Qualit\u00e4tstest zu bestehen. OrthoRugs wurden in Australien entworfen; Die Originalkollektion wird jedoch in einer Fabrik in China hergestellt. Jedes St\u00fcck in unserer Kollektion ist f\u00fcr Ihr Haustier f\u00fcr aktive und gute Gesundheit zu dienen gemacht   <\/p>\n<p><img decoding=\"async\" src=\"https:\/\/cdn.shopify.com\/s\/files\/1\/0441\/3947\/9207\/files\/manufacturing.jpg?v=1609244960\" alt=\"\" width=\"600\" height=\"400\"><\/p>\n<\/p>\n<\/div>\n<div class=\"col-12 col-md-4 mt__30\">\n<div class=\"jas-member tc pr pb__15\"> <\/div>\n<\/div>\n<\/div>\n\t\t\t\t\t\t\t\t<\/div>\n\t\t\t\t<\/div>\n\t\t\t\t\t<\/div>\n\t\t<\/div>\n\t\t\t\t\t<\/div>\n\t\t<\/section>\n\t\t\t\t<\/div>\n\t\t","protected":false},"excerpt":{"rendered":"<p>DARF ICH VORSTELLE BELLA unser Labrador Wenn Bella eines unserer Produkte nicht mag, werden wir es nicht verkaufen. Unser Auftrag ist es, hochwertige Betten und Zubeh\u00f6r f\u00fcr Hunde anzubieten. Viele Experten gehen davon aus, dass Schlafmangel dazu beitragen kann, dass Ihr Hund schlecht gelaunt ist. Ihr Freund braucht komfortablen und qualitativ hochwertigen Schlaf f\u00fcr eine aktive und gute Gesundheit (siehe Bella). Wir sind stolz auf unsere Produkte, und wir liefern die beste Qualit\u00e4t f\u00fcr Ihre besten Freunde. Unser Ziel ist es, unseren Kunden die bestm\u00f6gliche Erfahrung zu bieten, von dem Moment an, in dem Sie Ihre Bestellung aufgeben, bis zu der Sekunde, in der Sie Ihr Hundebett von OrthoRug erhalten. Unsere Kunden sind unsere oberste Priorit\u00e4t; wir arbeiten hart daran, eine langfristige und bedeutungsvolle Beziehung zu Ihnen aufzubauen. Kompromisslose Qualit\u00e4t und zeitloses Design Die Qualit\u00e4tsstandards von OrthoRug sind noch genauso kompromisslos wie bei der Gr\u00fcndung der Marke. Jedes St\u00fcck wird mit den hochwertigsten Materialien handgefertigt, und wir pr\u00fcfen jedes Produkt, um unseren Qualit\u00e4tstest zu bestehen. OrthoRugs wurden in Australien entworfen; Die Originalkollektion wird jedoch in einer Fabrik in China hergestellt. Jedes St\u00fcck in unserer Kollektion ist f\u00fcr Ihr Haustier f\u00fcr aktive und gute Gesundheit zu dienen gemacht<\/p>\n","protected":false},"author":1,"featured_media":0,"parent":0,"menu_order":0,"comment_status":"closed","ping_status":"closed","template":"","meta":{"footnotes":""},"class_list":["post-926","page","type-page","status-publish","hentry","post-no-thumbnail"],"yoast_head":"<!-- This site is optimized with the Yoast SEO plugin v27.3 - https:\/\/yoast.com\/product\/yoast-seo-wordpress\/ -->\n<title>\u00dcber uns - OrthPet<\/title>\n<meta name=\"robots\" content=\"noindex, follow, max-snippet:-1, max-image-preview:large, max-video-preview:-1\" \/>\n<meta property=\"og:locale\" content=\"de_DE\" \/>\n<meta property=\"og:type\" content=\"article\" \/>\n<meta property=\"og:title\" content=\"\u00dcber uns - OrthPet\" \/>\n<meta property=\"og:description\" content=\"DARF ICH VORSTELLE BELLA unser Labrador Wenn Bella eines unserer Produkte nicht mag, werden wir es nicht verkaufen. Unser Auftrag ist es, hochwertige Betten und Zubeh\u00f6r f\u00fcr Hunde anzubieten. Viele Experten gehen davon aus, dass Schlafmangel dazu beitragen kann, dass Ihr Hund schlecht gelaunt ist. Ihr Freund braucht komfortablen und qualitativ hochwertigen Schlaf f\u00fcr eine aktive und gute Gesundheit (siehe Bella). Wir sind stolz auf unsere Produkte, und wir liefern die beste Qualit\u00e4t f\u00fcr Ihre besten Freunde. Unser Ziel ist es, unseren Kunden die bestm\u00f6gliche Erfahrung zu bieten, von dem Moment an, in dem Sie Ihre Bestellung aufgeben, bis zu der Sekunde, in der Sie Ihr Hundebett von OrthoRug erhalten. Unsere Kunden sind unsere oberste Priorit\u00e4t; wir arbeiten hart daran, eine langfristige und bedeutungsvolle Beziehung zu Ihnen aufzubauen. Kompromisslose Qualit\u00e4t und zeitloses Design Die Qualit\u00e4tsstandards von OrthoRug sind noch genauso kompromisslos wie bei der Gr\u00fcndung der Marke. Jedes St\u00fcck wird mit den hochwertigsten Materialien handgefertigt, und wir pr\u00fcfen jedes Produkt, um unseren Qualit\u00e4tstest zu bestehen. OrthoRugs wurden in Australien entworfen; Die Originalkollektion wird jedoch in einer Fabrik in China hergestellt. Jedes St\u00fcck in unserer Kollektion ist f\u00fcr Ihr Haustier f\u00fcr aktive und gute Gesundheit zu dienen gemacht\" \/>\n<meta property=\"og:url\" content=\"https:\/\/orthorug.eu\/de\/ueber-uns\/\" \/>\n<meta property=\"og:site_name\" content=\"OrthPet\" \/>\n<meta property=\"article:modified_time\" content=\"2023-01-30T17:35:52+00:00\" \/>\n<meta property=\"og:image\" content=\"https:\/\/cdn.shopify.com\/s\/files\/1\/0596\/9231\/8889\/files\/5.jpg?v=1630467387\" \/>\n<meta name=\"twitter:card\" content=\"summary_large_image\" \/>\n<meta name=\"twitter:label1\" content=\"Gesch\u00e4tzte Lesezeit\" \/>\n\t<meta name=\"twitter:data1\" content=\"1\u00a0Minute\" \/>\n<script type=\"application\/ld+json\" class=\"yoast-schema-graph\">{\"@context\":\"https:\\\/\\\/schema.org\",\"@graph\":[{\"@type\":\"WebPage\",\"@id\":\"https:\\\/\\\/orthorug.eu\\\/de\\\/ueber-uns\\\/\",\"url\":\"https:\\\/\\\/orthorug.eu\\\/de\\\/ueber-uns\\\/\",\"name\":\"\u00dcber uns - OrthPet\",\"isPartOf\":{\"@id\":\"https:\\\/\\\/orthorug.eu\\\/#website\"},\"primaryImageOfPage\":{\"@id\":\"https:\\\/\\\/orthorug.eu\\\/de\\\/ueber-uns\\\/#primaryimage\"},\"image\":{\"@id\":\"https:\\\/\\\/orthorug.eu\\\/de\\\/ueber-uns\\\/#primaryimage\"},\"thumbnailUrl\":\"https:\\\/\\\/cdn.shopify.com\\\/s\\\/files\\\/1\\\/0596\\\/9231\\\/8889\\\/files\\\/5.jpg?v=1630467387\",\"datePublished\":\"2023-01-23T17:05:50+00:00\",\"dateModified\":\"2023-01-30T17:35:52+00:00\",\"breadcrumb\":{\"@id\":\"https:\\\/\\\/orthorug.eu\\\/de\\\/ueber-uns\\\/#breadcrumb\"},\"inLanguage\":\"de\",\"potentialAction\":[{\"@type\":\"ReadAction\",\"target\":[\"https:\\\/\\\/orthorug.eu\\\/de\\\/ueber-uns\\\/\"]}]},{\"@type\":\"ImageObject\",\"inLanguage\":\"de\",\"@id\":\"https:\\\/\\\/orthorug.eu\\\/de\\\/ueber-uns\\\/#primaryimage\",\"url\":\"https:\\\/\\\/cdn.shopify.com\\\/s\\\/files\\\/1\\\/0596\\\/9231\\\/8889\\\/files\\\/5.jpg?v=1630467387\",\"contentUrl\":\"https:\\\/\\\/cdn.shopify.com\\\/s\\\/files\\\/1\\\/0596\\\/9231\\\/8889\\\/files\\\/5.jpg?v=1630467387\"},{\"@type\":\"BreadcrumbList\",\"@id\":\"https:\\\/\\\/orthorug.eu\\\/de\\\/ueber-uns\\\/#breadcrumb\",\"itemListElement\":[{\"@type\":\"ListItem\",\"position\":1,\"name\":\"Home\",\"item\":\"https:\\\/\\\/orthopet.co\\\/\"},{\"@type\":\"ListItem\",\"position\":2,\"name\":\"\u00dcber uns\"}]},{\"@type\":\"WebSite\",\"@id\":\"https:\\\/\\\/orthorug.eu\\\/#website\",\"url\":\"https:\\\/\\\/orthorug.eu\\\/\",\"name\":\"OrthoPet\",\"description\":\"\",\"potentialAction\":[{\"@type\":\"SearchAction\",\"target\":{\"@type\":\"EntryPoint\",\"urlTemplate\":\"https:\\\/\\\/orthorug.eu\\\/?s={search_term_string}\"},\"query-input\":{\"@type\":\"PropertyValueSpecification\",\"valueRequired\":true,\"valueName\":\"search_term_string\"}}],\"inLanguage\":\"de\"}]}<\/script>\n<!-- \/ Yoast SEO plugin. -->","yoast_head_json":{"title":"\u00dcber uns - OrthPet","robots":{"index":"noindex","follow":"follow","max-snippet":"max-snippet:-1","max-image-preview":"max-image-preview:large","max-video-preview":"max-video-preview:-1"},"og_locale":"de_DE","og_type":"article","og_title":"\u00dcber uns - OrthPet","og_description":"DARF ICH VORSTELLE BELLA unser Labrador Wenn Bella eines unserer Produkte nicht mag, werden wir es nicht verkaufen. Unser Auftrag ist es, hochwertige Betten und Zubeh\u00f6r f\u00fcr Hunde anzubieten. Viele Experten gehen davon aus, dass Schlafmangel dazu beitragen kann, dass Ihr Hund schlecht gelaunt ist. Ihr Freund braucht komfortablen und qualitativ hochwertigen Schlaf f\u00fcr eine aktive und gute Gesundheit (siehe Bella). Wir sind stolz auf unsere Produkte, und wir liefern die beste Qualit\u00e4t f\u00fcr Ihre besten Freunde. Unser Ziel ist es, unseren Kunden die bestm\u00f6gliche Erfahrung zu bieten, von dem Moment an, in dem Sie Ihre Bestellung aufgeben, bis zu der Sekunde, in der Sie Ihr Hundebett von OrthoRug erhalten. Unsere Kunden sind unsere oberste Priorit\u00e4t; wir arbeiten hart daran, eine langfristige und bedeutungsvolle Beziehung zu Ihnen aufzubauen. Kompromisslose Qualit\u00e4t und zeitloses Design Die Qualit\u00e4tsstandards von OrthoRug sind noch genauso kompromisslos wie bei der Gr\u00fcndung der Marke. Jedes St\u00fcck wird mit den hochwertigsten Materialien handgefertigt, und wir pr\u00fcfen jedes Produkt, um unseren Qualit\u00e4tstest zu bestehen. OrthoRugs wurden in Australien entworfen; Die Originalkollektion wird jedoch in einer Fabrik in China hergestellt. Jedes St\u00fcck in unserer Kollektion ist f\u00fcr Ihr Haustier f\u00fcr aktive und gute Gesundheit zu dienen gemacht","og_url":"https:\/\/orthorug.eu\/de\/ueber-uns\/","og_site_name":"OrthPet","article_modified_time":"2023-01-30T17:35:52+00:00","og_image":[{"url":"https:\/\/cdn.shopify.com\/s\/files\/1\/0596\/9231\/8889\/files\/5.jpg?v=1630467387","type":"","width":"","height":""}],"twitter_card":"summary_large_image","twitter_misc":{"Gesch\u00e4tzte Lesezeit":"1\u00a0Minute"},"schema":{"@context":"https:\/\/schema.org","@graph":[{"@type":"WebPage","@id":"https:\/\/orthorug.eu\/de\/ueber-uns\/","url":"https:\/\/orthorug.eu\/de\/ueber-uns\/","name":"\u00dcber uns - OrthPet","isPartOf":{"@id":"https:\/\/orthorug.eu\/#website"},"primaryImageOfPage":{"@id":"https:\/\/orthorug.eu\/de\/ueber-uns\/#primaryimage"},"image":{"@id":"https:\/\/orthorug.eu\/de\/ueber-uns\/#primaryimage"},"thumbnailUrl":"https:\/\/cdn.shopify.com\/s\/files\/1\/0596\/9231\/8889\/files\/5.jpg?v=1630467387","datePublished":"2023-01-23T17:05:50+00:00","dateModified":"2023-01-30T17:35:52+00:00","breadcrumb":{"@id":"https:\/\/orthorug.eu\/de\/ueber-uns\/#breadcrumb"},"inLanguage":"de","potentialAction":[{"@type":"ReadAction","target":["https:\/\/orthorug.eu\/de\/ueber-uns\/"]}]},{"@type":"ImageObject","inLanguage":"de","@id":"https:\/\/orthorug.eu\/de\/ueber-uns\/#primaryimage","url":"https:\/\/cdn.shopify.com\/s\/files\/1\/0596\/9231\/8889\/files\/5.jpg?v=1630467387","contentUrl":"https:\/\/cdn.shopify.com\/s\/files\/1\/0596\/9231\/8889\/files\/5.jpg?v=1630467387"},{"@type":"BreadcrumbList","@id":"https:\/\/orthorug.eu\/de\/ueber-uns\/#breadcrumb","itemListElement":[{"@type":"ListItem","position":1,"name":"Home","item":"https:\/\/orthopet.co\/"},{"@type":"ListItem","position":2,"name":"\u00dcber uns"}]},{"@type":"WebSite","@id":"https:\/\/orthorug.eu\/#website","url":"https:\/\/orthorug.eu\/","name":"OrthoPet","description":"","potentialAction":[{"@type":"SearchAction","target":{"@type":"EntryPoint","urlTemplate":"https:\/\/orthorug.eu\/?s={search_term_string}"},"query-input":{"@type":"PropertyValueSpecification","valueRequired":true,"valueName":"search_term_string"}}],"inLanguage":"de"}]}},"_links":{"self":[{"href":"https:\/\/orthopet.co\/de\/wp-json\/wp\/v2\/pages\/926","targetHints":{"allow":["GET"]}}],"collection":[{"href":"https:\/\/orthopet.co\/de\/wp-json\/wp\/v2\/pages"}],"about":[{"href":"https:\/\/orthopet.co\/de\/wp-json\/wp\/v2\/types\/page"}],"author":[{"embeddable":true,"href":"https:\/\/orthopet.co\/de\/wp-json\/wp\/v2\/users\/1"}],"replies":[{"embeddable":true,"href":"https:\/\/orthopet.co\/de\/wp-json\/wp\/v2\/comments?post=926"}],"version-history":[{"count":1,"href":"https:\/\/orthopet.co\/de\/wp-json\/wp\/v2\/pages\/926\/revisions"}],"predecessor-version":[{"id":927,"href":"https:\/\/orthopet.co\/de\/wp-json\/wp\/v2\/pages\/926\/revisions\/927"}],"wp:attachment":[{"href":"https:\/\/orthopet.co\/de\/wp-json\/wp\/v2\/media?parent=926"}],"curies":[{"name":"wp","href":"https:\/\/api.w.org\/{rel}","templated":true}]}}