{"id":1076,"date":"2023-01-20T17:55:53","date_gmt":"2023-01-20T17:55:53","guid":{"rendered":"https:\/\/orthorug.eu\/blog\/"},"modified":"2023-02-02T13:49:08","modified_gmt":"2023-02-02T13:49:08","slug":"blog","status":"publish","type":"page","link":"https:\/\/orthopet.co\/pl\/blog\/","title":{"rendered":"Blog"},"content":{"rendered":"\t\t<div data-elementor-type=\"wp-page\" data-elementor-id=\"1076\" class=\"elementor elementor-1076 elementor-278\">\n\t\t\t\t\t\t<section class=\"elementor-section elementor-top-section elementor-element elementor-element-7aa38eb4 elementor-section-boxed elementor-section-gap-beside-yes elementor-section-height-default elementor-section-height-default elementor-section-column-vertical-align-stretch\" data-id=\"7aa38eb4\" data-element_type=\"section\" data-e-type=\"section\">\n\t\t\t\t\t\t<div class=\"elementor-container elementor-column-gap-extended\">\n\t\t\t\t\t<div class=\"elementor-column elementor-col-100 elementor-top-column elementor-element elementor-element-63a38616\" data-id=\"63a38616\" data-element_type=\"column\" data-e-type=\"column\">\n\t\t\t<div class=\"elementor-widget-wrap elementor-element-populated\">\n\t\t\t\t\t\t<div class=\"elementor-element elementor-element-7c40547f elementor-widget elementor-widget-text-editor\" data-id=\"7c40547f\" data-element_type=\"widget\" data-e-type=\"widget\" data-widget_type=\"text-editor.default\">\n\t\t\t\t<div class=\"elementor-widget-container\">\n\t\t\t\t\t\t\t\t\t<p><\/p>\n\t\t\t\t\t\t\t\t<\/div>\n\t\t\t\t<\/div>\n\t\t\t\t\t<\/div>\n\t\t<\/div>\n\t\t\t\t\t<\/div>\n\t\t<\/section>\n\t\t\t\t<section class=\"elementor-section elementor-top-section elementor-element elementor-element-6f08a07 elementor-section-boxed elementor-section-gap-beside-yes elementor-section-height-default elementor-section-height-default elementor-section-column-vertical-align-stretch\" data-id=\"6f08a07\" data-element_type=\"section\" data-e-type=\"section\">\n\t\t\t\t\t\t<div class=\"elementor-container elementor-column-gap-extended\">\n\t\t\t\t\t<div class=\"elementor-column elementor-col-100 elementor-top-column elementor-element elementor-element-8550511\" data-id=\"8550511\" data-element_type=\"column\" data-e-type=\"column\">\n\t\t\t<div class=\"elementor-widget-wrap elementor-element-populated\">\n\t\t\t\t\t\t<div class=\"elementor-element elementor-element-1e7568d minimog-animation-zoom-in elementor-widget elementor-widget-tm-blog\" data-id=\"1e7568d\" data-element_type=\"widget\" data-e-type=\"widget\" data-widget_type=\"tm-blog.default\">\n\t\t\t\t<div class=\"elementor-widget-container\">\n\t\t\t\t\t\t\t<div class=\"minimog-grid-wrapper minimog-blog minimog-blog-grid minimog-blog-caption-style-01\" data-grid=\"{&quot;type&quot;:&quot;grid&quot;,&quot;columns&quot;:3,&quot;gutter&quot;:30}\" style=\"--grid-columns-desktop: 3;--grid-gutter-desktop: 30;\">\n\t\t\t\t\t\t\t\t\t\t\t<input type=\"hidden\"\n\t\t\t\t       class=\"minimog-query-input\" value=\"{&quot;source&quot;:&quot;custom_query&quot;,&quot;action&quot;:&quot;post_infinite_load&quot;,&quot;max_num_pages&quot;:1,&quot;found_posts&quot;:3,&quot;count&quot;:3,&quot;query_vars&quot;:{&quot;post_type&quot;:[&quot;post&quot;],&quot;posts_per_page&quot;:6,&quot;orderby&quot;:&quot;date&quot;,&quot;order&quot;:&quot;DESC&quot;,&quot;post_status&quot;:&quot;publish&quot;,&quot;paged&quot;:1},&quot;settings&quot;:{&quot;layout&quot;:&quot;grid&quot;,&quot;show_caption&quot;:&quot;yes&quot;,&quot;show_excerpt&quot;:&quot;&quot;,&quot;caption_style&quot;:&quot;01&quot;,&quot;thumbnail_size&quot;:null,&quot;thumbnail_custom_dimension&quot;:null,&quot;thumbnail_default_size&quot;:&quot;1&quot;}}\"\/>\n\n\t\t\t\t<div class=\"minimog-grid  lazy-grid\">\n\t\t\t\t\t<div class=\"grid-item post-item post-1469 post type-post status-publish format-standard has-post-thumbnail hentry category-bez-kategorii\">\n\t<div class=\"post-wrapper minimog-box\">\n\t\t\t\t\t<div class=\"post-thumbnail-wrapper\">\n\t\t\t\t<div class=\"post-feature post-thumbnail minimog-image\">\n\t\t\t\t\t<a href=\"https:\/\/orthopet.co\/pl\/4-korzysci-lozek-dla-psow-z-memory-foam\/\">\n\t\t\t\t\t\t<m-image class=\"minimog-lazy-image\" style=\"--lazy-image-width: 740px;--lazy-image-height: 64.864864864865%;\" data-image-loading><img loading=\"lazy\" decoding=\"async\"  src=\"https:\/\/orthopet.co\/wp-content\/uploads\/2023\/01\/5_1296x-740x480.webp\" width=\"740\" height=\"480\" alt=\"5_1296x\" loading=\"lazy\" class=\"attachment-740x480 size-740x480\" \/><\/m-image>\t\t\t\t\t<\/a>\n\t\t\t\t<\/div>\n\t\t\t<\/div>\n\t\t\n\t\t\t\t\t<div class=\"post-caption\">\n\t\t\t\t\t\t\t<div class=\"post-categories\">\n\t\t\t\t<a href=\"https:\/\/orthopet.co\/pl\/category\/bez-kategorii\/\"><span>Bez kategorii<\/span><\/a>\t\t\t<\/div>\n\t\t\t<h3 class=\"post-title post-title-2-rows\">\n\t<a href=\"https:\/\/orthopet.co\/pl\/4-korzysci-lozek-dla-psow-z-memory-foam\/\">4 Korzy\u015bci \u0142\u00f3\u017cek dla ps\u00f3w z Memory Foam<\/a>\n<\/h3>\n\t\t\t<\/div>\n\t\t\t<\/div>\n<\/div>\n<div class=\"grid-item post-item post-1463 post type-post status-publish format-standard has-post-thumbnail hentry category-bez-kategorii\">\n\t<div class=\"post-wrapper minimog-box\">\n\t\t\t\t\t<div class=\"post-thumbnail-wrapper\">\n\t\t\t\t<div class=\"post-feature post-thumbnail minimog-image\">\n\t\t\t\t\t<a href=\"https:\/\/orthopet.co\/pl\/pozycje-i-zwyczaje-psow-podczas-snu-mowia-ci-wiele-o-ich-osobowosci-i-zdrowiu\/\">\n\t\t\t\t\t\t<m-image class=\"minimog-lazy-image\" style=\"--lazy-image-width: 740px;--lazy-image-height: 64.864864864865%;\" data-image-loading><img loading=\"lazy\" decoding=\"async\"  src=\"https:\/\/orthopet.co\/wp-content\/uploads\/2023\/01\/no.120013-740x480.jpg\" width=\"740\" height=\"480\" alt=\"{no.12001}(3)\" loading=\"lazy\" class=\"attachment-740x480 size-740x480\" \/><\/m-image>\t\t\t\t\t<\/a>\n\t\t\t\t<\/div>\n\t\t\t<\/div>\n\t\t\n\t\t\t\t\t<div class=\"post-caption\">\n\t\t\t\t\t\t\t<div class=\"post-categories\">\n\t\t\t\t<a href=\"https:\/\/orthopet.co\/pl\/category\/bez-kategorii\/\"><span>Bez kategorii<\/span><\/a>\t\t\t<\/div>\n\t\t\t<h3 class=\"post-title post-title-2-rows\">\n\t<a href=\"https:\/\/orthopet.co\/pl\/pozycje-i-zwyczaje-psow-podczas-snu-mowia-ci-wiele-o-ich-osobowosci-i-zdrowiu\/\">Pozycje i zwyczaje ps\u00f3w podczas snu m\u00f3wi\u0105 ci wiele o ich osobowo\u015bci i zdrowiu<\/a>\n<\/h3>\n\t\t\t<\/div>\n\t\t\t<\/div>\n<\/div>\n<div class=\"grid-item post-item post-1459 post type-post status-publish format-standard has-post-thumbnail hentry category-bez-kategorii\">\n\t<div class=\"post-wrapper minimog-box\">\n\t\t\t\t\t<div class=\"post-thumbnail-wrapper\">\n\t\t\t\t<div class=\"post-feature post-thumbnail minimog-image\">\n\t\t\t\t\t<a href=\"https:\/\/orthopet.co\/pl\/5-wyjatkowych-faktow-o-psach\/\">\n\t\t\t\t\t\t<m-image class=\"minimog-lazy-image\" style=\"--lazy-image-width: 600px;--lazy-image-height: 66.666666666667%;\" data-image-loading><img loading=\"lazy\" decoding=\"async\"  src=\"https:\/\/orthopet.co\/wp-content\/uploads\/2023\/01\/close-up-of-happy-dog-lying-in-striped-hammock-PW49DMJ_grande.webp\" width=\"600\" height=\"400\" alt=\"close-up-of-happy-dog-lying-in-striped-hammock-PW49DMJ_grande\" loading=\"lazy\" class=\"attachment-740x480 size-740x480\" \/><\/m-image>\t\t\t\t\t<\/a>\n\t\t\t\t<\/div>\n\t\t\t<\/div>\n\t\t\n\t\t\t\t\t<div class=\"post-caption\">\n\t\t\t\t\t\t\t<div class=\"post-categories\">\n\t\t\t\t<a href=\"https:\/\/orthopet.co\/pl\/category\/bez-kategorii\/\"><span>Bez kategorii<\/span><\/a>\t\t\t<\/div>\n\t\t\t<h3 class=\"post-title post-title-2-rows\">\n\t<a href=\"https:\/\/orthopet.co\/pl\/5-wyjatkowych-faktow-o-psach\/\">5 wyj\u0105tkowych fakt\u00f3w o psach<\/a>\n<\/h3>\n\t\t\t<\/div>\n\t\t\t<\/div>\n<\/div>\n\t\t\t\t<\/div>\n\n\t\t\t\t\n\t\t\t\t\t\t\t\t\t<\/div>\n\t\t\t\t\t\t<\/div>\n\t\t\t\t<\/div>\n\t\t\t\t\t<\/div>\n\t\t<\/div>\n\t\t\t\t\t<\/div>\n\t\t<\/section>\n\t\t\t\t<section class=\"elementor-section elementor-top-section elementor-element elementor-element-e3362e7 elementor-section-boxed elementor-section-gap-beside-yes elementor-section-height-default elementor-section-height-default elementor-section-column-vertical-align-stretch\" data-id=\"e3362e7\" data-element_type=\"section\" data-e-type=\"section\">\n\t\t\t\t\t\t<div class=\"elementor-container elementor-column-gap-extended\">\n\t\t\t\t\t<div class=\"elementor-column elementor-col-100 elementor-top-column elementor-element elementor-element-4e26fd0\" data-id=\"4e26fd0\" data-element_type=\"column\" data-e-type=\"column\">\n\t\t\t<div class=\"elementor-widget-wrap elementor-element-populated\">\n\t\t\t\t\t\t<div class=\"elementor-element elementor-element-e0a6156 elementor-widget elementor-widget-spacer\" data-id=\"e0a6156\" data-element_type=\"widget\" data-e-type=\"widget\" data-widget_type=\"spacer.default\">\n\t\t\t\t<div class=\"elementor-widget-container\">\n\t\t\t\t\t\t\t<div class=\"elementor-spacer\">\n\t\t\t<div class=\"elementor-spacer-inner\"><\/div>\n\t\t<\/div>\n\t\t\t\t\t\t<\/div>\n\t\t\t\t<\/div>\n\t\t\t\t\t<\/div>\n\t\t<\/div>\n\t\t\t\t\t<\/div>\n\t\t<\/section>\n\t\t\t\t<\/div>\n\t\t","protected":false},"excerpt":{"rendered":"<p>Post Dog Breeds That Love To Sleep Post 4 Benefits of Memory Foam Dog Beds Post Dogs\u2019 Sleeping Positions And Habits Tell You A Lot About Their Personality And Health Post 5 Unique Dog Facts<\/p>\n","protected":false},"author":1,"featured_media":0,"parent":0,"menu_order":5,"comment_status":"closed","ping_status":"closed","template":"","meta":{"footnotes":""},"class_list":["post-1076","page","type-page","status-publish","hentry"],"yoast_head":"<!-- This site is optimized with the Yoast SEO plugin v27.3 - https:\/\/yoast.com\/product\/yoast-seo-wordpress\/ -->\n<title>Blog - OrthPet<\/title>\n<meta name=\"robots\" content=\"noindex, follow, max-snippet:-1, max-image-preview:large, max-video-preview:-1\" \/>\n<meta property=\"og:locale\" content=\"pl_PL\" \/>\n<meta property=\"og:type\" content=\"article\" \/>\n<meta property=\"og:title\" content=\"Blog - OrthPet\" \/>\n<meta property=\"og:description\" content=\"Post Dog Breeds That Love To Sleep Post 4 Benefits of Memory Foam Dog Beds Post Dogs\u2019 Sleeping Positions And Habits Tell You A Lot About Their Personality And Health Post 5 Unique Dog Facts\" \/>\n<meta property=\"og:url\" content=\"https:\/\/orthorug.eu\/pl\/blog\/\" \/>\n<meta property=\"og:site_name\" content=\"OrthPet\" \/>\n<meta property=\"article:modified_time\" content=\"2023-02-02T13:49:08+00:00\" \/>\n<meta property=\"og:image\" content=\"https:\/\/orthorug.eu\/wp-content\/themes\/minimog\/assets\/images\/placeholder-transparent.png\" \/>\n<meta name=\"twitter:card\" content=\"summary_large_image\" \/>\n<script type=\"application\/ld+json\" class=\"yoast-schema-graph\">{\"@context\":\"https:\\\/\\\/schema.org\",\"@graph\":[{\"@type\":\"WebPage\",\"@id\":\"https:\\\/\\\/orthorug.eu\\\/pl\\\/blog\\\/\",\"url\":\"https:\\\/\\\/orthorug.eu\\\/pl\\\/blog\\\/\",\"name\":\"Blog - OrthPet\",\"isPartOf\":{\"@id\":\"https:\\\/\\\/orthorug.eu\\\/#website\"},\"primaryImageOfPage\":{\"@id\":\"https:\\\/\\\/orthorug.eu\\\/pl\\\/blog\\\/#primaryimage\"},\"image\":{\"@id\":\"https:\\\/\\\/orthorug.eu\\\/pl\\\/blog\\\/#primaryimage\"},\"thumbnailUrl\":\"https:\\\/\\\/orthorug.eu\\\/wp-content\\\/themes\\\/minimog\\\/assets\\\/images\\\/placeholder-transparent.png\",\"datePublished\":\"2023-01-20T17:55:53+00:00\",\"dateModified\":\"2023-02-02T13:49:08+00:00\",\"breadcrumb\":{\"@id\":\"https:\\\/\\\/orthorug.eu\\\/pl\\\/blog\\\/#breadcrumb\"},\"inLanguage\":\"pl-PL\",\"potentialAction\":[{\"@type\":\"ReadAction\",\"target\":[\"https:\\\/\\\/orthorug.eu\\\/pl\\\/blog\\\/\"]}]},{\"@type\":\"ImageObject\",\"inLanguage\":\"pl-PL\",\"@id\":\"https:\\\/\\\/orthorug.eu\\\/pl\\\/blog\\\/#primaryimage\",\"url\":\"https:\\\/\\\/orthorug.eu\\\/wp-content\\\/themes\\\/minimog\\\/assets\\\/images\\\/placeholder-transparent.png\",\"contentUrl\":\"https:\\\/\\\/orthorug.eu\\\/wp-content\\\/themes\\\/minimog\\\/assets\\\/images\\\/placeholder-transparent.png\"},{\"@type\":\"BreadcrumbList\",\"@id\":\"https:\\\/\\\/orthorug.eu\\\/pl\\\/blog\\\/#breadcrumb\",\"itemListElement\":[{\"@type\":\"ListItem\",\"position\":1,\"name\":\"Home\",\"item\":\"https:\\\/\\\/orthopet.co\\\/\"},{\"@type\":\"ListItem\",\"position\":2,\"name\":\"Blog\"}]},{\"@type\":\"WebSite\",\"@id\":\"https:\\\/\\\/orthorug.eu\\\/#website\",\"url\":\"https:\\\/\\\/orthorug.eu\\\/\",\"name\":\"OrthoPet\",\"description\":\"\",\"potentialAction\":[{\"@type\":\"SearchAction\",\"target\":{\"@type\":\"EntryPoint\",\"urlTemplate\":\"https:\\\/\\\/orthorug.eu\\\/?s={search_term_string}\"},\"query-input\":{\"@type\":\"PropertyValueSpecification\",\"valueRequired\":true,\"valueName\":\"search_term_string\"}}],\"inLanguage\":\"pl-PL\"}]}<\/script>\n<!-- \/ Yoast SEO plugin. -->","yoast_head_json":{"title":"Blog - OrthPet","robots":{"index":"noindex","follow":"follow","max-snippet":"max-snippet:-1","max-image-preview":"max-image-preview:large","max-video-preview":"max-video-preview:-1"},"og_locale":"pl_PL","og_type":"article","og_title":"Blog - OrthPet","og_description":"Post Dog Breeds That Love To Sleep Post 4 Benefits of Memory Foam Dog Beds Post Dogs\u2019 Sleeping Positions And Habits Tell You A Lot About Their Personality And Health Post 5 Unique Dog Facts","og_url":"https:\/\/orthorug.eu\/pl\/blog\/","og_site_name":"OrthPet","article_modified_time":"2023-02-02T13:49:08+00:00","og_image":[{"url":"https:\/\/orthorug.eu\/wp-content\/themes\/minimog\/assets\/images\/placeholder-transparent.png","type":"","width":"","height":""}],"twitter_card":"summary_large_image","schema":{"@context":"https:\/\/schema.org","@graph":[{"@type":"WebPage","@id":"https:\/\/orthorug.eu\/pl\/blog\/","url":"https:\/\/orthorug.eu\/pl\/blog\/","name":"Blog - OrthPet","isPartOf":{"@id":"https:\/\/orthorug.eu\/#website"},"primaryImageOfPage":{"@id":"https:\/\/orthorug.eu\/pl\/blog\/#primaryimage"},"image":{"@id":"https:\/\/orthorug.eu\/pl\/blog\/#primaryimage"},"thumbnailUrl":"https:\/\/orthorug.eu\/wp-content\/themes\/minimog\/assets\/images\/placeholder-transparent.png","datePublished":"2023-01-20T17:55:53+00:00","dateModified":"2023-02-02T13:49:08+00:00","breadcrumb":{"@id":"https:\/\/orthorug.eu\/pl\/blog\/#breadcrumb"},"inLanguage":"pl-PL","potentialAction":[{"@type":"ReadAction","target":["https:\/\/orthorug.eu\/pl\/blog\/"]}]},{"@type":"ImageObject","inLanguage":"pl-PL","@id":"https:\/\/orthorug.eu\/pl\/blog\/#primaryimage","url":"https:\/\/orthorug.eu\/wp-content\/themes\/minimog\/assets\/images\/placeholder-transparent.png","contentUrl":"https:\/\/orthorug.eu\/wp-content\/themes\/minimog\/assets\/images\/placeholder-transparent.png"},{"@type":"BreadcrumbList","@id":"https:\/\/orthorug.eu\/pl\/blog\/#breadcrumb","itemListElement":[{"@type":"ListItem","position":1,"name":"Home","item":"https:\/\/orthopet.co\/"},{"@type":"ListItem","position":2,"name":"Blog"}]},{"@type":"WebSite","@id":"https:\/\/orthorug.eu\/#website","url":"https:\/\/orthorug.eu\/","name":"OrthoPet","description":"","potentialAction":[{"@type":"SearchAction","target":{"@type":"EntryPoint","urlTemplate":"https:\/\/orthorug.eu\/?s={search_term_string}"},"query-input":{"@type":"PropertyValueSpecification","valueRequired":true,"valueName":"search_term_string"}}],"inLanguage":"pl-PL"}]}},"_links":{"self":[{"href":"https:\/\/orthopet.co\/pl\/wp-json\/wp\/v2\/pages\/1076","targetHints":{"allow":["GET"]}}],"collection":[{"href":"https:\/\/orthopet.co\/pl\/wp-json\/wp\/v2\/pages"}],"about":[{"href":"https:\/\/orthopet.co\/pl\/wp-json\/wp\/v2\/types\/page"}],"author":[{"embeddable":true,"href":"https:\/\/orthopet.co\/pl\/wp-json\/wp\/v2\/users\/1"}],"replies":[{"embeddable":true,"href":"https:\/\/orthopet.co\/pl\/wp-json\/wp\/v2\/comments?post=1076"}],"version-history":[{"count":3,"href":"https:\/\/orthopet.co\/pl\/wp-json\/wp\/v2\/pages\/1076\/revisions"}],"predecessor-version":[{"id":1079,"href":"https:\/\/orthopet.co\/pl\/wp-json\/wp\/v2\/pages\/1076\/revisions\/1079"}],"wp:attachment":[{"href":"https:\/\/orthopet.co\/pl\/wp-json\/wp\/v2\/media?parent=1076"}],"curies":[{"name":"wp","href":"https:\/\/api.w.org\/{rel}","templated":true}]}}