{"id":1348,"date":"2023-01-23T15:34:41","date_gmt":"2023-01-23T15:34:41","guid":{"rendered":"https:\/\/orthorug.eu\/pielegnacja-i-czyszczenie-2\/"},"modified":"2023-02-08T18:44:09","modified_gmt":"2023-02-08T18:44:09","slug":"pielegnacja-i-czyszczenie","status":"publish","type":"page","link":"https:\/\/orthopet.co\/pl\/pielegnacja-i-czyszczenie\/","title":{"rendered":"Piel\u0119gnacja i Czyszczenie"},"content":{"rendered":"<p><strong>Pokrowce na \u0142\u00f3\u017cka i koce:<\/strong><\/p>\n<p>Wszystkie pokrowce na \u0142\u00f3\u017cka i koce mo\u017cna pra\u0107 w pralce. Rozepnij zamek b\u0142yskawiczny i usu\u0144 podstaw\u0119 z pianki memory (w przypadku \u0142\u00f3\u017cka).<\/p>\n<p>1. U\u017cyj ma\u0142ej ilo\u015bci detergentu.<\/p>\n<p>2. Wypra\u0107 w pralce lub r\u0119cznie w zimnej wodzie w delikatnym cyklu i powiesi\u0107 do wyschni\u0119cia.<\/p>\n<p>3. Nie stosowa\u0107 wybielaczy.<\/p>\n<table>\n<tbody>\n<tr>\n<td><img decoding=\"async\" src=\"https:\/\/cdn.shopify.com\/s\/files\/1\/0441\/3947\/9207\/files\/1_60ba6d3b-b15d-4613-809a-26744d2d7e16.png?v=1599714027\" alt=\"\" width=\"\" height=\"\"><br \/>\nPra\u0107 w pralce<\/td>\n<td><img decoding=\"async\" src=\"https:\/\/cdn.shopify.com\/s\/files\/1\/0441\/3947\/9207\/files\/3.png?v=1599714044\" alt=\"\" width=\"\" height=\"\"><br \/>\nDo 30\u00b0C<\/td>\n<\/tr>\n<tr>\n<td><img decoding=\"async\" src=\"https:\/\/cdn.shopify.com\/s\/files\/1\/0441\/3947\/9207\/files\/8.png?v=1599714070\" alt=\"\" width=\"\" height=\"\"><br \/>\nSuszy\u0107 normalnie, w niskiej temperaturze<\/td>\n<td><img decoding=\"async\" src=\"https:\/\/cdn.shopify.com\/s\/files\/1\/0441\/3947\/9207\/files\/5.png?v=1599714092\" alt=\"\" width=\"\" height=\"\"><br \/>\n&nbsp; &nbsp; &nbsp;&nbsp; &nbsp; &nbsp; &nbsp; &nbsp; &nbsp; &nbsp; &nbsp; &nbsp; &nbsp; Nie wybiela\u0107 &nbsp; &nbsp;&nbsp; &nbsp;&nbsp;&nbsp;&nbsp;&nbsp;&nbsp;&nbsp;&nbsp;&nbsp;&nbsp;&nbsp;&nbsp;&nbsp;&nbsp;&nbsp;&nbsp;&nbsp;&nbsp;&nbsp;<\/td>\n<\/tr>\n<tr>\n<td><img decoding=\"async\" src=\"https:\/\/cdn.shopify.com\/s\/files\/1\/0441\/3947\/9207\/files\/14.png?v=1599714111\" alt=\"\" width=\"\" height=\"\"><br \/>\nNie nale\u017cy skr\u0119ca\u0107<\/td>\n<td>&nbsp; <img decoding=\"async\" src=\"https:\/\/cdn.shopify.com\/s\/files\/1\/0441\/3947\/9207\/files\/2.png?v=1599714131\" alt=\"\" width=\"\" height=\"\"><br \/>\nNie prasowa\u0107<\/td>\n<\/tr>\n<\/tbody>\n<\/table>\n<p><strong>Pianka z pami\u0119ci\u0105 (tylko dla \u0142\u00f3\u017cek OrthoRug)<\/strong><\/p>\n<p>Pianka memory <strong>nie nadaje si\u0119 do prania w pralce<\/strong>. Do jej od\u015bwie\u017cenia nale\u017cy u\u017cy\u0107 odkurzacza. Aby usun\u0105\u0107 plamy z pianki, u\u017cyj wilgotnej szmatki z ciep\u0142\u0105 wod\u0105 i niewielk\u0105 ilo\u015bci\u0105 p\u0142ynu do mycia naczy\u0144 lub myd\u0142a i pocieraj plam\u0119 lekkimi ruchami. Pozostaw na 15 minut, a nast\u0119pnie wyci\u015bnij tyle wilgoci, ile zdo\u0142asz. <strong>NIE WYCI\u0104GAJ PIANKI<\/strong>, poniewa\u017c mo\u017cesz j\u0105 rozerwa\u0107. Pozostaw na powietrzu do wyschni\u0119cia.<\/p>\n","protected":false},"excerpt":{"rendered":"<p>Pokrowce na \u0142\u00f3\u017cka i koce: Wszystkie pokrowce na \u0142\u00f3\u017cka i koce mo\u017cna pra\u0107 w pralce. Rozepnij zamek b\u0142yskawiczny i usu\u0144 podstaw\u0119 z pianki memory (w przypadku \u0142\u00f3\u017cka). 1. U\u017cyj ma\u0142ej ilo\u015bci detergentu. 2. Wypra\u0107 w pralce lub r\u0119cznie w zimnej wodzie w delikatnym cyklu i powiesi\u0107 do wyschni\u0119cia. 3. Nie stosowa\u0107 wybielaczy. Pra\u0107 w pralce Do 30\u00b0C Suszy\u0107 normalnie, w niskiej temperaturze &nbsp; &nbsp; &nbsp;&nbsp; &nbsp; &nbsp; &nbsp; &nbsp; &nbsp; &nbsp; &nbsp; &nbsp; &nbsp; Nie wybiela\u0107 &nbsp; &nbsp;&nbsp; &nbsp;&nbsp;&nbsp;&nbsp;&nbsp;&nbsp;&nbsp;&nbsp;&nbsp;&nbsp;&nbsp;&nbsp;&nbsp;&nbsp;&nbsp;&nbsp;&nbsp;&nbsp;&nbsp; Nie nale\u017cy skr\u0119ca\u0107 &nbsp; Nie prasowa\u0107 Pianka z pami\u0119ci\u0105 (tylko dla \u0142\u00f3\u017cek OrthoRug) Pianka memory nie nadaje si\u0119 do prania w pralce. Do jej od\u015bwie\u017cenia nale\u017cy u\u017cy\u0107 odkurzacza. Aby usun\u0105\u0107 plamy z pianki, u\u017cyj wilgotnej szmatki z ciep\u0142\u0105 wod\u0105 i niewielk\u0105 ilo\u015bci\u0105 p\u0142ynu do mycia naczy\u0144 lub myd\u0142a i pocieraj plam\u0119 lekkimi ruchami. Pozostaw na 15 minut, a nast\u0119pnie wyci\u015bnij tyle wilgoci, ile zdo\u0142asz. NIE WYCI\u0104GAJ PIANKI, poniewa\u017c mo\u017cesz j\u0105 rozerwa\u0107. Pozostaw na powietrzu do wyschni\u0119cia.<\/p>\n","protected":false},"author":1,"featured_media":0,"parent":0,"menu_order":0,"comment_status":"closed","ping_status":"closed","template":"","meta":{"footnotes":""},"class_list":["post-1348","page","type-page","status-publish","hentry","post-no-thumbnail"],"yoast_head":"<!-- This site is optimized with the Yoast SEO plugin v27.3 - https:\/\/yoast.com\/product\/yoast-seo-wordpress\/ -->\n<title>Piel\u0119gnacja i Czyszczenie - OrthPet<\/title>\n<meta name=\"robots\" content=\"noindex, follow, max-snippet:-1, max-image-preview:large, max-video-preview:-1\" \/>\n<meta property=\"og:locale\" content=\"pl_PL\" \/>\n<meta property=\"og:type\" content=\"article\" \/>\n<meta property=\"og:title\" content=\"Piel\u0119gnacja i Czyszczenie - OrthPet\" \/>\n<meta property=\"og:description\" content=\"Pokrowce na \u0142\u00f3\u017cka i koce: Wszystkie pokrowce na \u0142\u00f3\u017cka i koce mo\u017cna pra\u0107 w pralce. Rozepnij zamek b\u0142yskawiczny i usu\u0144 podstaw\u0119 z pianki memory (w przypadku \u0142\u00f3\u017cka). 1. U\u017cyj ma\u0142ej ilo\u015bci detergentu. 2. Wypra\u0107 w pralce lub r\u0119cznie w zimnej wodzie w delikatnym cyklu i powiesi\u0107 do wyschni\u0119cia. 3. Nie stosowa\u0107 wybielaczy. Pra\u0107 w pralce Do 30\u00b0C Suszy\u0107 normalnie, w niskiej temperaturze &nbsp; &nbsp; &nbsp;&nbsp; &nbsp; &nbsp; &nbsp; &nbsp; &nbsp; &nbsp; &nbsp; &nbsp; &nbsp; Nie wybiela\u0107 &nbsp; &nbsp;&nbsp; &nbsp;&nbsp;&nbsp;&nbsp;&nbsp;&nbsp;&nbsp;&nbsp;&nbsp;&nbsp;&nbsp;&nbsp;&nbsp;&nbsp;&nbsp;&nbsp;&nbsp;&nbsp;&nbsp; Nie nale\u017cy skr\u0119ca\u0107 &nbsp; Nie prasowa\u0107 Pianka z pami\u0119ci\u0105 (tylko dla \u0142\u00f3\u017cek OrthoRug) Pianka memory nie nadaje si\u0119 do prania w pralce. Do jej od\u015bwie\u017cenia nale\u017cy u\u017cy\u0107 odkurzacza. Aby usun\u0105\u0107 plamy z pianki, u\u017cyj wilgotnej szmatki z ciep\u0142\u0105 wod\u0105 i niewielk\u0105 ilo\u015bci\u0105 p\u0142ynu do mycia naczy\u0144 lub myd\u0142a i pocieraj plam\u0119 lekkimi ruchami. Pozostaw na 15 minut, a nast\u0119pnie wyci\u015bnij tyle wilgoci, ile zdo\u0142asz. NIE WYCI\u0104GAJ PIANKI, poniewa\u017c mo\u017cesz j\u0105 rozerwa\u0107. Pozostaw na powietrzu do wyschni\u0119cia.\" \/>\n<meta property=\"og:url\" content=\"https:\/\/orthopet.co\/pl\/pielegnacja-i-czyszczenie\/\" \/>\n<meta property=\"og:site_name\" content=\"OrthPet\" \/>\n<meta property=\"article:modified_time\" content=\"2023-02-08T18:44:09+00:00\" \/>\n<meta property=\"og:image\" content=\"https:\/\/cdn.shopify.com\/s\/files\/1\/0441\/3947\/9207\/files\/1_60ba6d3b-b15d-4613-809a-26744d2d7e16.png?v=1599714027\" \/>\n<meta name=\"twitter:card\" content=\"summary_large_image\" \/>\n<meta name=\"twitter:label1\" content=\"Szacowany czas czytania\" \/>\n\t<meta name=\"twitter:data1\" content=\"1 minuta\" \/>\n<script type=\"application\/ld+json\" class=\"yoast-schema-graph\">{\"@context\":\"https:\\\/\\\/schema.org\",\"@graph\":[{\"@type\":\"WebPage\",\"@id\":\"https:\\\/\\\/orthopet.co\\\/pl\\\/pielegnacja-i-czyszczenie\\\/\",\"url\":\"https:\\\/\\\/orthopet.co\\\/pl\\\/pielegnacja-i-czyszczenie\\\/\",\"name\":\"Piel\u0119gnacja i Czyszczenie - OrthPet\",\"isPartOf\":{\"@id\":\"https:\\\/\\\/orthorug.eu\\\/#website\"},\"primaryImageOfPage\":{\"@id\":\"https:\\\/\\\/orthopet.co\\\/pl\\\/pielegnacja-i-czyszczenie\\\/#primaryimage\"},\"image\":{\"@id\":\"https:\\\/\\\/orthopet.co\\\/pl\\\/pielegnacja-i-czyszczenie\\\/#primaryimage\"},\"thumbnailUrl\":\"https:\\\/\\\/cdn.shopify.com\\\/s\\\/files\\\/1\\\/0441\\\/3947\\\/9207\\\/files\\\/1_60ba6d3b-b15d-4613-809a-26744d2d7e16.png?v=1599714027\",\"datePublished\":\"2023-01-23T15:34:41+00:00\",\"dateModified\":\"2023-02-08T18:44:09+00:00\",\"breadcrumb\":{\"@id\":\"https:\\\/\\\/orthopet.co\\\/pl\\\/pielegnacja-i-czyszczenie\\\/#breadcrumb\"},\"inLanguage\":\"pl-PL\",\"potentialAction\":[{\"@type\":\"ReadAction\",\"target\":[\"https:\\\/\\\/orthopet.co\\\/pl\\\/pielegnacja-i-czyszczenie\\\/\"]}]},{\"@type\":\"ImageObject\",\"inLanguage\":\"pl-PL\",\"@id\":\"https:\\\/\\\/orthopet.co\\\/pl\\\/pielegnacja-i-czyszczenie\\\/#primaryimage\",\"url\":\"https:\\\/\\\/cdn.shopify.com\\\/s\\\/files\\\/1\\\/0441\\\/3947\\\/9207\\\/files\\\/1_60ba6d3b-b15d-4613-809a-26744d2d7e16.png?v=1599714027\",\"contentUrl\":\"https:\\\/\\\/cdn.shopify.com\\\/s\\\/files\\\/1\\\/0441\\\/3947\\\/9207\\\/files\\\/1_60ba6d3b-b15d-4613-809a-26744d2d7e16.png?v=1599714027\"},{\"@type\":\"BreadcrumbList\",\"@id\":\"https:\\\/\\\/orthopet.co\\\/pl\\\/pielegnacja-i-czyszczenie\\\/#breadcrumb\",\"itemListElement\":[{\"@type\":\"ListItem\",\"position\":1,\"name\":\"Home\",\"item\":\"https:\\\/\\\/orthopet.co\\\/\"},{\"@type\":\"ListItem\",\"position\":2,\"name\":\"Piel\u0119gnacja i Czyszczenie\"}]},{\"@type\":\"WebSite\",\"@id\":\"https:\\\/\\\/orthorug.eu\\\/#website\",\"url\":\"https:\\\/\\\/orthorug.eu\\\/\",\"name\":\"OrthoPet\",\"description\":\"\",\"potentialAction\":[{\"@type\":\"SearchAction\",\"target\":{\"@type\":\"EntryPoint\",\"urlTemplate\":\"https:\\\/\\\/orthorug.eu\\\/?s={search_term_string}\"},\"query-input\":{\"@type\":\"PropertyValueSpecification\",\"valueRequired\":true,\"valueName\":\"search_term_string\"}}],\"inLanguage\":\"pl-PL\"}]}<\/script>\n<!-- \/ Yoast SEO plugin. -->","yoast_head_json":{"title":"Piel\u0119gnacja i Czyszczenie - OrthPet","robots":{"index":"noindex","follow":"follow","max-snippet":"max-snippet:-1","max-image-preview":"max-image-preview:large","max-video-preview":"max-video-preview:-1"},"og_locale":"pl_PL","og_type":"article","og_title":"Piel\u0119gnacja i Czyszczenie - OrthPet","og_description":"Pokrowce na \u0142\u00f3\u017cka i koce: Wszystkie pokrowce na \u0142\u00f3\u017cka i koce mo\u017cna pra\u0107 w pralce. Rozepnij zamek b\u0142yskawiczny i usu\u0144 podstaw\u0119 z pianki memory (w przypadku \u0142\u00f3\u017cka). 1. U\u017cyj ma\u0142ej ilo\u015bci detergentu. 2. Wypra\u0107 w pralce lub r\u0119cznie w zimnej wodzie w delikatnym cyklu i powiesi\u0107 do wyschni\u0119cia. 3. Nie stosowa\u0107 wybielaczy. Pra\u0107 w pralce Do 30\u00b0C Suszy\u0107 normalnie, w niskiej temperaturze &nbsp; &nbsp; &nbsp;&nbsp; &nbsp; &nbsp; &nbsp; &nbsp; &nbsp; &nbsp; &nbsp; &nbsp; &nbsp; Nie wybiela\u0107 &nbsp; &nbsp;&nbsp; &nbsp;&nbsp;&nbsp;&nbsp;&nbsp;&nbsp;&nbsp;&nbsp;&nbsp;&nbsp;&nbsp;&nbsp;&nbsp;&nbsp;&nbsp;&nbsp;&nbsp;&nbsp;&nbsp; Nie nale\u017cy skr\u0119ca\u0107 &nbsp; Nie prasowa\u0107 Pianka z pami\u0119ci\u0105 (tylko dla \u0142\u00f3\u017cek OrthoRug) Pianka memory nie nadaje si\u0119 do prania w pralce. Do jej od\u015bwie\u017cenia nale\u017cy u\u017cy\u0107 odkurzacza. Aby usun\u0105\u0107 plamy z pianki, u\u017cyj wilgotnej szmatki z ciep\u0142\u0105 wod\u0105 i niewielk\u0105 ilo\u015bci\u0105 p\u0142ynu do mycia naczy\u0144 lub myd\u0142a i pocieraj plam\u0119 lekkimi ruchami. Pozostaw na 15 minut, a nast\u0119pnie wyci\u015bnij tyle wilgoci, ile zdo\u0142asz. NIE WYCI\u0104GAJ PIANKI, poniewa\u017c mo\u017cesz j\u0105 rozerwa\u0107. Pozostaw na powietrzu do wyschni\u0119cia.","og_url":"https:\/\/orthopet.co\/pl\/pielegnacja-i-czyszczenie\/","og_site_name":"OrthPet","article_modified_time":"2023-02-08T18:44:09+00:00","og_image":[{"url":"https:\/\/cdn.shopify.com\/s\/files\/1\/0441\/3947\/9207\/files\/1_60ba6d3b-b15d-4613-809a-26744d2d7e16.png?v=1599714027","type":"","width":"","height":""}],"twitter_card":"summary_large_image","twitter_misc":{"Szacowany czas czytania":"1 minuta"},"schema":{"@context":"https:\/\/schema.org","@graph":[{"@type":"WebPage","@id":"https:\/\/orthopet.co\/pl\/pielegnacja-i-czyszczenie\/","url":"https:\/\/orthopet.co\/pl\/pielegnacja-i-czyszczenie\/","name":"Piel\u0119gnacja i Czyszczenie - OrthPet","isPartOf":{"@id":"https:\/\/orthorug.eu\/#website"},"primaryImageOfPage":{"@id":"https:\/\/orthopet.co\/pl\/pielegnacja-i-czyszczenie\/#primaryimage"},"image":{"@id":"https:\/\/orthopet.co\/pl\/pielegnacja-i-czyszczenie\/#primaryimage"},"thumbnailUrl":"https:\/\/cdn.shopify.com\/s\/files\/1\/0441\/3947\/9207\/files\/1_60ba6d3b-b15d-4613-809a-26744d2d7e16.png?v=1599714027","datePublished":"2023-01-23T15:34:41+00:00","dateModified":"2023-02-08T18:44:09+00:00","breadcrumb":{"@id":"https:\/\/orthopet.co\/pl\/pielegnacja-i-czyszczenie\/#breadcrumb"},"inLanguage":"pl-PL","potentialAction":[{"@type":"ReadAction","target":["https:\/\/orthopet.co\/pl\/pielegnacja-i-czyszczenie\/"]}]},{"@type":"ImageObject","inLanguage":"pl-PL","@id":"https:\/\/orthopet.co\/pl\/pielegnacja-i-czyszczenie\/#primaryimage","url":"https:\/\/cdn.shopify.com\/s\/files\/1\/0441\/3947\/9207\/files\/1_60ba6d3b-b15d-4613-809a-26744d2d7e16.png?v=1599714027","contentUrl":"https:\/\/cdn.shopify.com\/s\/files\/1\/0441\/3947\/9207\/files\/1_60ba6d3b-b15d-4613-809a-26744d2d7e16.png?v=1599714027"},{"@type":"BreadcrumbList","@id":"https:\/\/orthopet.co\/pl\/pielegnacja-i-czyszczenie\/#breadcrumb","itemListElement":[{"@type":"ListItem","position":1,"name":"Home","item":"https:\/\/orthopet.co\/"},{"@type":"ListItem","position":2,"name":"Piel\u0119gnacja i Czyszczenie"}]},{"@type":"WebSite","@id":"https:\/\/orthorug.eu\/#website","url":"https:\/\/orthorug.eu\/","name":"OrthoPet","description":"","potentialAction":[{"@type":"SearchAction","target":{"@type":"EntryPoint","urlTemplate":"https:\/\/orthorug.eu\/?s={search_term_string}"},"query-input":{"@type":"PropertyValueSpecification","valueRequired":true,"valueName":"search_term_string"}}],"inLanguage":"pl-PL"}]}},"_links":{"self":[{"href":"https:\/\/orthopet.co\/pl\/wp-json\/wp\/v2\/pages\/1348","targetHints":{"allow":["GET"]}}],"collection":[{"href":"https:\/\/orthopet.co\/pl\/wp-json\/wp\/v2\/pages"}],"about":[{"href":"https:\/\/orthopet.co\/pl\/wp-json\/wp\/v2\/types\/page"}],"author":[{"embeddable":true,"href":"https:\/\/orthopet.co\/pl\/wp-json\/wp\/v2\/users\/1"}],"replies":[{"embeddable":true,"href":"https:\/\/orthopet.co\/pl\/wp-json\/wp\/v2\/comments?post=1348"}],"version-history":[{"count":6,"href":"https:\/\/orthopet.co\/pl\/wp-json\/wp\/v2\/pages\/1348\/revisions"}],"predecessor-version":[{"id":1355,"href":"https:\/\/orthopet.co\/pl\/wp-json\/wp\/v2\/pages\/1348\/revisions\/1355"}],"wp:attachment":[{"href":"https:\/\/orthopet.co\/pl\/wp-json\/wp\/v2\/media?parent=1348"}],"curies":[{"name":"wp","href":"https:\/\/api.w.org\/{rel}","templated":true}]}}