{"id":1177,"date":"2023-01-19T14:15:15","date_gmt":"2023-01-19T14:15:15","guid":{"rendered":"https:\/\/orthorug.eu\/product\/orthorug-luksusowe-lozko-ortopedyczne\/"},"modified":"2023-07-26T08:02:55","modified_gmt":"2023-07-26T08:02:55","slug":"orthorug-luxury-orthopedic-bed","status":"publish","type":"product","link":"https:\/\/orthopet.co\/pl\/produkt\/orthorug-luxury-orthopedic-bed\/","title":{"rendered":"OrthoRug\u2122 Luksusowe \u0142\u00f3\u017cko ortopedyczne"},"content":{"rendered":"<p style=\"text-align: center;\">Poznaj najbardziej ukochane legowisko dla ps\u00f3w w Europie. Wykonane jest z <strong>pianki memory<\/strong> i <strong>wysokiej jako\u015bci tkanin<\/strong>. Zaprojektowali\u015bmy legowisko OrthoRug, aby wspiera\u0107 stawy i <strong>zapewni\u0107 maksymalny komfort<\/strong> Twojemu czworono\u017cnemu przyjacielowi. Dzi\u0119ki niemu Twoi futrzani przyjaciele mog\u0105 do\u015bwiadczy\u0107 pe\u0142nego, <strong>spokojnego snu<\/strong> dla poprawy zachowania i zdrowia.   <\/p>\n<p><img fetchpriority=\"high\" decoding=\"async\" class=\"size-medium wp-image-530 aligncenter\" src=\"https:\/\/orthorug.eu\/wp-content\/uploads\/2023\/01\/no.12001-2-300x300.jpg\" alt=\"\" width=\"300\" height=\"300\" srcset=\"https:\/\/orthopet.co\/wp-content\/uploads\/2023\/01\/no.12001-2-300x300.jpg 300w, https:\/\/orthopet.co\/wp-content\/uploads\/2023\/01\/no.12001-2-1024x1024.jpg 1024w, https:\/\/orthopet.co\/wp-content\/uploads\/2023\/01\/no.12001-2-150x150.jpg 150w, https:\/\/orthopet.co\/wp-content\/uploads\/2023\/01\/no.12001-2-768x768.jpg 768w, https:\/\/orthopet.co\/wp-content\/uploads\/2023\/01\/no.12001-2-600x600.jpg 600w, https:\/\/orthopet.co\/wp-content\/uploads\/2023\/01\/no.12001-2-100x100.jpg 100w, https:\/\/orthopet.co\/wp-content\/uploads\/2023\/01\/no.12001-2.jpg 1296w\" sizes=\"(max-width: 300px) 100vw, 300px\" \/><\/p>\n<h3 style=\"text-align: center;\">Dlaczego psy (i ludzie) kochaj\u0105 nasze \u0142\u00f3\u017cka?<\/h3>\n<table width=\"100%\">\n<tbody>\n<tr style=\"text-align: center;\">\n<td style=\"text-align: center; width: 30%;\">\n<div style=\"text-align: center;\"><img decoding=\"async\" style=\"float: none; display: block; margin-left: auto; margin-right: auto;\" src=\"https:\/\/cdn.shopify.com\/s\/files\/1\/0247\/9862\/5840\/files\/7820_-_Laundry_Detergent_788b79f7-c3d9-457c-951f-8920271f26a3_100x100.jpg?v=1582285517\" alt=\"\">\u0141atwe w czyszczeniu<\/div>\n<\/td>\n<td style=\"text-align: center; width: 31.726%;\">\n<div><img decoding=\"async\" src=\"https:\/\/cdn.shopify.com\/s\/files\/1\/0247\/9862\/5840\/files\/7725_-_Zipper_I_100x100.jpg?v=1582285458\" alt=\"\"><\/div>\n<div>Wymienne pokrowce<\/div>\n<\/td>\n<td style=\"text-align: center; width: 31.274%;\">\n<div><img decoding=\"async\" src=\"https:\/\/cdn.shopify.com\/s\/files\/1\/0247\/9862\/5840\/files\/7748_-_Folded_Clothes_100x100.jpg?v=1582285644\" alt=\"\"><\/div>\n<div>Ortopedyczna pianka z pami\u0119ci\u0105<\/div>\n<\/td>\n<\/tr>\n<tr>\n<td style=\"text-align: center; width: 30%;\">\n<div><img decoding=\"async\" src=\"https:\/\/cdn.shopify.com\/s\/files\/1\/0247\/9862\/5840\/files\/6715_-_Heavy_Rain_100x100.jpg?v=1582285807\" alt=\"\"><\/div>\n<div>Odporno\u015b\u0107 na wod\u0119 i zapachy<\/div>\n<\/td>\n<td style=\"text-align: center; width: 31.726%;\">\n<div><img decoding=\"async\" src=\"https:\/\/cdn.shopify.com\/s\/files\/1\/0247\/9862\/5840\/files\/6764_-_Good_Health_100x100.jpg?v=1582287297\" alt=\"\"><\/div>\n<div>Poprawia zdrowie<\/div>\n<\/td>\n<td style=\"text-align: center; width: 31.274%;\">\n<div> <img decoding=\"async\" style=\"display: block; margin-left: auto; margin-right: auto;\" src=\"https:\/\/cdn.shopify.com\/s\/files\/1\/0247\/9862\/5840\/files\/6264_-_Thumbs_Up_100x100.jpg?v=1582286873\" alt=\"\"><\/div>\n<div>Gwarancja 10 lat na wgniecenia pianki<\/div>\n<\/td>\n<\/tr>\n<\/tbody>\n<\/table>\n<h3>4 warstwy ortopedycznego komfortu<\/h3>\n<p><img decoding=\"async\" style=\"display: block; margin-left: auto; margin-right: auto;\" src=\"https:\/\/cdn.shopify.com\/s\/files\/1\/0441\/3947\/9207\/files\/layers_1f1d3967-b078-429f-8208-1202b8ceebb3_480x480.jpg?v=1599044795\" alt=\"\"><\/p>\n<p>&nbsp;<\/p>\n<div>\n<ul>\n<li>Luksusowy i przytulny design<\/li>\n<li>Mi\u0119kka podstawa z pianki memory<\/li>\n<li>Nowoczesny i stylowy<\/li>\n<li>Doskonale komponuje si\u0119 z Protektorem &#8211; Wodoodpornym Luksusowym Kocem<\/li>\n<\/ul>\n<\/div>\n<div><\/div>\n<h3 style=\"text-align: center;\">TABELA ROZMIAR\u00d3W<\/h3>\n<div style=\"text-align: center;\">Je\u015bli masz jakiekolwiek problemy lub pytania, po prostu skontaktuj si\u0119 z nami. Prosz\u0119 wzi\u0105\u0107 pod uwag\u0119, \u017ce im wi\u0119kszy dywan, tym lepszy komfort dla psa.<\/div>\n<table style=\"width: 98.3516%;\">\n<tbody>\n<tr>\n<td style=\"width: 13%; text-align: center;\"><strong>Rozmiar<\/strong><\/td>\n<td style=\"width: 38.2472%; text-align: center;\"><strong>Wymiary<\/strong><\/td>\n<td style=\"width: 29.7528%; text-align: center;\"><strong>Waga zwierz\u0119cia<\/strong><\/td>\n<\/tr>\n<tr>\n<td style=\"width: 13%; text-align: center;\"><strong>M<\/strong><\/td>\n<td style=\"width: 38.2472%; text-align: center;\">80 cm w \u015brednicy<\/td>\n<td style=\"width: 29.7528%; text-align: center;\">do 10 kg<\/td>\n<\/tr>\n<tr>\n<td style=\"width: 13%; text-align: center;\"><strong>L<br \/>\n<\/strong><\/td>\n<td style=\"width: 38.2472%; text-align: center;\">102 cm * 64 cm<\/td>\n<td style=\"width: 29.7528%; text-align: center;\">do 15 kg<\/td>\n<\/tr>\n<tr>\n<td style=\"width: 13%; text-align: center;\"><strong>XL<\/strong><\/td>\n<td style=\"width: 38.2472%; text-align: center;\">127 cm * 76 cm<\/td>\n<td style=\"width: 29.7528%; text-align: center;\">do 25 kg<\/td>\n<\/tr>\n<tr>\n<td style=\"width: 13%; text-align: center;\"><strong>XXL<\/strong><\/td>\n<td style=\"width: 38.2472%; text-align: center;\">152 cm * 89 cm<\/td>\n<td style=\"width: 29.7528%; text-align: center;\">25 kg i wi\u0119cej<\/td>\n<\/tr>\n<\/tbody>\n<\/table>\n<p>&nbsp;<\/p>\n<div style=\"text-align: center;\"><strong>Co jest w zestawie<\/strong>:<\/div>\n<div>\n<ul>\n<li style=\"text-align: center;\">\n<div>1 odci\u0105\u017caj\u0105ca podstawa z ortopedycznej pianki z pami\u0119ci\u0105<\/div>\n<\/li>\n<li style=\"text-align: center;\">\n<div>1 wodoodporny pokrowiec z pianki memory<\/div>\n<\/li>\n<li style=\"text-align: center;\">\n<div>1 ultra mi\u0119kki pokrowiec z futerka z antypo\u015blizgowym spodem<\/div>\n<\/li>\n<\/ul>\n<\/div>\n","protected":false},"excerpt":{"rendered":"<p>Poznaj najbardziej ukochane legowisko dla ps\u00f3w w Europie. Wykonane jest z pianki memory i wysokiej jako\u015bci tkanin. Zaprojektowali\u015bmy legowisko OrthoRug, aby wspiera\u0107 stawy i zapewni\u0107 maksymalny komfort Twojemu czworono\u017cnemu przyjacielowi. Dzi\u0119ki niemu Twoi futrzani przyjaciele mog\u0105 do\u015bwiadczy\u0107 pe\u0142nego, spokojnego snu dla poprawy zachowania i zdrowia. Dlaczego psy (i ludzie) kochaj\u0105 nasze \u0142\u00f3\u017cka? \u0141atwe w czyszczeniu Wymienne pokrowce Ortopedyczna pianka z pami\u0119ci\u0105 Odporno\u015b\u0107 na wod\u0119 i zapachy Poprawia zdrowie Gwarancja 10 lat na wgniecenia pianki 4 warstwy ortopedycznego komfortu &nbsp; Luksusowy i przytulny design Mi\u0119kka podstawa z pianki memory Nowoczesny i stylowy Doskonale komponuje si\u0119 z Protektorem &#8211; Wodoodpornym Luksusowym Kocem TABELA ROZMIAR\u00d3W Je\u015bli masz jakiekolwiek problemy lub pytania, po prostu skontaktuj si\u0119 z nami. Prosz\u0119 wzi\u0105\u0107 pod uwag\u0119, \u017ce im wi\u0119kszy dywan, tym lepszy komfort dla psa. Rozmiar Wymiary Waga zwierz\u0119cia M 80 cm w \u015brednicy do 10 kg L 102 cm * 64 cm do 15 kg XL 127 cm * 76 cm do 25 kg XXL 152 cm * 89 cm 25 kg i wi\u0119cej &nbsp; Co jest w zestawie: 1 odci\u0105\u017caj\u0105ca podstawa z ortopedycznej pianki z pami\u0119ci\u0105 1 wodoodporny pokrowiec z pianki memory 1 ultra mi\u0119kki pokrowiec z futerka z antypo\u015blizgowym spodem<\/p>\n","protected":false},"featured_media":676,"comment_status":"open","ping_status":"closed","template":"","meta":[],"product_brand":[],"product_cat":[71,70],"product_tag":[],"class_list":{"0":"post-1177","1":"product","2":"type-product","3":"status-publish","4":"has-post-thumbnail","6":"product_cat-dla-psow","7":"product_cat-orthopet","8":"pa_color-grafitowy-szary","9":"pa_color-kosc-sloniowa","10":"pa_color-sabatowy-braz","11":"pa_color-szary","13":"first","14":"instock","15":"featured","16":"taxable","17":"shipping-taxable","18":"purchasable","19":"product-type-variable"},"yoast_head":"<!-- This site is optimized with the Yoast SEO plugin v27.3 - https:\/\/yoast.com\/product\/yoast-seo-wordpress\/ -->\n<title>OrthoRug\u2122 Luksusowe \u0142\u00f3\u017cko ortopedyczne - OrthPet<\/title>\n<meta name=\"robots\" content=\"noindex, follow, max-snippet:-1, max-image-preview:large, max-video-preview:-1\" \/>\n<meta property=\"og:locale\" content=\"pl_PL\" \/>\n<meta property=\"og:type\" content=\"article\" \/>\n<meta property=\"og:title\" content=\"OrthoRug\u2122 Luksusowe \u0142\u00f3\u017cko ortopedyczne - OrthPet\" \/>\n<meta property=\"og:description\" content=\"Poznaj najbardziej ukochane legowisko dla ps\u00f3w w Europie. Wykonane jest z pianki memory i wysokiej jako\u015bci tkanin. Zaprojektowali\u015bmy legowisko OrthoRug, aby wspiera\u0107 stawy i zapewni\u0107 maksymalny komfort Twojemu czworono\u017cnemu przyjacielowi. Dzi\u0119ki niemu Twoi futrzani przyjaciele mog\u0105 do\u015bwiadczy\u0107 pe\u0142nego, spokojnego snu dla poprawy zachowania i zdrowia. Dlaczego psy (i ludzie) kochaj\u0105 nasze \u0142\u00f3\u017cka? \u0141atwe w czyszczeniu Wymienne pokrowce Ortopedyczna pianka z pami\u0119ci\u0105 Odporno\u015b\u0107 na wod\u0119 i zapachy Poprawia zdrowie Gwarancja 10 lat na wgniecenia pianki 4 warstwy ortopedycznego komfortu &nbsp; Luksusowy i przytulny design Mi\u0119kka podstawa z pianki memory Nowoczesny i stylowy Doskonale komponuje si\u0119 z Protektorem &#8211; Wodoodpornym Luksusowym Kocem TABELA ROZMIAR\u00d3W Je\u015bli masz jakiekolwiek problemy lub pytania, po prostu skontaktuj si\u0119 z nami. Prosz\u0119 wzi\u0105\u0107 pod uwag\u0119, \u017ce im wi\u0119kszy dywan, tym lepszy komfort dla psa. Rozmiar Wymiary Waga zwierz\u0119cia M 80 cm w \u015brednicy do 10 kg L 102 cm * 64 cm do 15 kg XL 127 cm * 76 cm do 25 kg XXL 152 cm * 89 cm 25 kg i wi\u0119cej &nbsp; Co jest w zestawie: 1 odci\u0105\u017caj\u0105ca podstawa z ortopedycznej pianki z pami\u0119ci\u0105 1 wodoodporny pokrowiec z pianki memory 1 ultra mi\u0119kki pokrowiec z futerka z antypo\u015blizgowym spodem\" \/>\n<meta property=\"og:url\" content=\"https:\/\/orthopet.co\/pl\/produkt\/orthorug-luxury-orthopedic-bed\/\" \/>\n<meta property=\"og:site_name\" content=\"OrthPet\" \/>\n<meta property=\"article:modified_time\" content=\"2023-07-26T08:02:55+00:00\" \/>\n<meta property=\"og:image\" content=\"https:\/\/orthopet.co\/wp-content\/uploads\/2023\/01\/dogrug1.jpg\" \/>\n\t<meta property=\"og:image:width\" content=\"3529\" \/>\n\t<meta property=\"og:image:height\" content=\"3529\" \/>\n\t<meta property=\"og:image:type\" content=\"image\/jpeg\" \/>\n<meta name=\"twitter:card\" content=\"summary_large_image\" \/>\n<meta name=\"twitter:label1\" content=\"Szacowany czas czytania\" \/>\n\t<meta name=\"twitter:data1\" content=\"3 minuty\" \/>\n<script type=\"application\/ld+json\" class=\"yoast-schema-graph\">{\"@context\":\"https:\\\/\\\/schema.org\",\"@graph\":[{\"@type\":\"WebPage\",\"@id\":\"https:\\\/\\\/orthopet.co\\\/pl\\\/produkt\\\/orthorug-luxury-orthopedic-bed\\\/\",\"url\":\"https:\\\/\\\/orthopet.co\\\/pl\\\/produkt\\\/orthorug-luxury-orthopedic-bed\\\/\",\"name\":\"OrthoRug\u2122 Luksusowe \u0142\u00f3\u017cko ortopedyczne - OrthPet\",\"isPartOf\":{\"@id\":\"https:\\\/\\\/orthorug.eu\\\/#website\"},\"primaryImageOfPage\":{\"@id\":\"https:\\\/\\\/orthopet.co\\\/pl\\\/produkt\\\/orthorug-luxury-orthopedic-bed\\\/#primaryimage\"},\"image\":{\"@id\":\"https:\\\/\\\/orthopet.co\\\/pl\\\/produkt\\\/orthorug-luxury-orthopedic-bed\\\/#primaryimage\"},\"thumbnailUrl\":\"https:\\\/\\\/orthopet.co\\\/wp-content\\\/uploads\\\/2023\\\/01\\\/dogrug1.jpg\",\"datePublished\":\"2023-01-19T14:15:15+00:00\",\"dateModified\":\"2023-07-26T08:02:55+00:00\",\"breadcrumb\":{\"@id\":\"https:\\\/\\\/orthopet.co\\\/pl\\\/produkt\\\/orthorug-luxury-orthopedic-bed\\\/#breadcrumb\"},\"inLanguage\":\"pl-PL\",\"potentialAction\":[{\"@type\":\"ReadAction\",\"target\":[\"https:\\\/\\\/orthopet.co\\\/pl\\\/produkt\\\/orthorug-luxury-orthopedic-bed\\\/\"]}]},{\"@type\":\"ImageObject\",\"inLanguage\":\"pl-PL\",\"@id\":\"https:\\\/\\\/orthopet.co\\\/pl\\\/produkt\\\/orthorug-luxury-orthopedic-bed\\\/#primaryimage\",\"url\":\"https:\\\/\\\/orthopet.co\\\/wp-content\\\/uploads\\\/2023\\\/01\\\/dogrug1.jpg\",\"contentUrl\":\"https:\\\/\\\/orthopet.co\\\/wp-content\\\/uploads\\\/2023\\\/01\\\/dogrug1.jpg\",\"width\":3529,\"height\":3529},{\"@type\":\"BreadcrumbList\",\"@id\":\"https:\\\/\\\/orthopet.co\\\/pl\\\/produkt\\\/orthorug-luxury-orthopedic-bed\\\/#breadcrumb\",\"itemListElement\":[{\"@type\":\"ListItem\",\"position\":1,\"name\":\"Home\",\"item\":\"https:\\\/\\\/orthopet.co\\\/\"},{\"@type\":\"ListItem\",\"position\":2,\"name\":\"Sklep\",\"item\":\"https:\\\/\\\/orthorug.eu\\\/pl\\\/sklep\\\/\"},{\"@type\":\"ListItem\",\"position\":3,\"name\":\"OrthoRug\u2122 Luksusowe \u0142\u00f3\u017cko ortopedyczne\"}]},{\"@type\":\"WebSite\",\"@id\":\"https:\\\/\\\/orthorug.eu\\\/#website\",\"url\":\"https:\\\/\\\/orthorug.eu\\\/\",\"name\":\"OrthoPet\",\"description\":\"\",\"potentialAction\":[{\"@type\":\"SearchAction\",\"target\":{\"@type\":\"EntryPoint\",\"urlTemplate\":\"https:\\\/\\\/orthorug.eu\\\/?s={search_term_string}\"},\"query-input\":{\"@type\":\"PropertyValueSpecification\",\"valueRequired\":true,\"valueName\":\"search_term_string\"}}],\"inLanguage\":\"pl-PL\"}]}<\/script>\n<!-- \/ Yoast SEO plugin. -->","yoast_head_json":{"title":"OrthoRug\u2122 Luksusowe \u0142\u00f3\u017cko ortopedyczne - OrthPet","robots":{"index":"noindex","follow":"follow","max-snippet":"max-snippet:-1","max-image-preview":"max-image-preview:large","max-video-preview":"max-video-preview:-1"},"og_locale":"pl_PL","og_type":"article","og_title":"OrthoRug\u2122 Luksusowe \u0142\u00f3\u017cko ortopedyczne - OrthPet","og_description":"Poznaj najbardziej ukochane legowisko dla ps\u00f3w w Europie. Wykonane jest z pianki memory i wysokiej jako\u015bci tkanin. Zaprojektowali\u015bmy legowisko OrthoRug, aby wspiera\u0107 stawy i zapewni\u0107 maksymalny komfort Twojemu czworono\u017cnemu przyjacielowi. Dzi\u0119ki niemu Twoi futrzani przyjaciele mog\u0105 do\u015bwiadczy\u0107 pe\u0142nego, spokojnego snu dla poprawy zachowania i zdrowia. Dlaczego psy (i ludzie) kochaj\u0105 nasze \u0142\u00f3\u017cka? \u0141atwe w czyszczeniu Wymienne pokrowce Ortopedyczna pianka z pami\u0119ci\u0105 Odporno\u015b\u0107 na wod\u0119 i zapachy Poprawia zdrowie Gwarancja 10 lat na wgniecenia pianki 4 warstwy ortopedycznego komfortu &nbsp; Luksusowy i przytulny design Mi\u0119kka podstawa z pianki memory Nowoczesny i stylowy Doskonale komponuje si\u0119 z Protektorem &#8211; Wodoodpornym Luksusowym Kocem TABELA ROZMIAR\u00d3W Je\u015bli masz jakiekolwiek problemy lub pytania, po prostu skontaktuj si\u0119 z nami. Prosz\u0119 wzi\u0105\u0107 pod uwag\u0119, \u017ce im wi\u0119kszy dywan, tym lepszy komfort dla psa. Rozmiar Wymiary Waga zwierz\u0119cia M 80 cm w \u015brednicy do 10 kg L 102 cm * 64 cm do 15 kg XL 127 cm * 76 cm do 25 kg XXL 152 cm * 89 cm 25 kg i wi\u0119cej &nbsp; Co jest w zestawie: 1 odci\u0105\u017caj\u0105ca podstawa z ortopedycznej pianki z pami\u0119ci\u0105 1 wodoodporny pokrowiec z pianki memory 1 ultra mi\u0119kki pokrowiec z futerka z antypo\u015blizgowym spodem","og_url":"https:\/\/orthopet.co\/pl\/produkt\/orthorug-luxury-orthopedic-bed\/","og_site_name":"OrthPet","article_modified_time":"2023-07-26T08:02:55+00:00","og_image":[{"width":3529,"height":3529,"url":"https:\/\/orthopet.co\/wp-content\/uploads\/2023\/01\/dogrug1.jpg","type":"image\/jpeg"}],"twitter_card":"summary_large_image","twitter_misc":{"Szacowany czas czytania":"3 minuty"},"schema":{"@context":"https:\/\/schema.org","@graph":[{"@type":"WebPage","@id":"https:\/\/orthopet.co\/pl\/produkt\/orthorug-luxury-orthopedic-bed\/","url":"https:\/\/orthopet.co\/pl\/produkt\/orthorug-luxury-orthopedic-bed\/","name":"OrthoRug\u2122 Luksusowe \u0142\u00f3\u017cko ortopedyczne - OrthPet","isPartOf":{"@id":"https:\/\/orthorug.eu\/#website"},"primaryImageOfPage":{"@id":"https:\/\/orthopet.co\/pl\/produkt\/orthorug-luxury-orthopedic-bed\/#primaryimage"},"image":{"@id":"https:\/\/orthopet.co\/pl\/produkt\/orthorug-luxury-orthopedic-bed\/#primaryimage"},"thumbnailUrl":"https:\/\/orthopet.co\/wp-content\/uploads\/2023\/01\/dogrug1.jpg","datePublished":"2023-01-19T14:15:15+00:00","dateModified":"2023-07-26T08:02:55+00:00","breadcrumb":{"@id":"https:\/\/orthopet.co\/pl\/produkt\/orthorug-luxury-orthopedic-bed\/#breadcrumb"},"inLanguage":"pl-PL","potentialAction":[{"@type":"ReadAction","target":["https:\/\/orthopet.co\/pl\/produkt\/orthorug-luxury-orthopedic-bed\/"]}]},{"@type":"ImageObject","inLanguage":"pl-PL","@id":"https:\/\/orthopet.co\/pl\/produkt\/orthorug-luxury-orthopedic-bed\/#primaryimage","url":"https:\/\/orthopet.co\/wp-content\/uploads\/2023\/01\/dogrug1.jpg","contentUrl":"https:\/\/orthopet.co\/wp-content\/uploads\/2023\/01\/dogrug1.jpg","width":3529,"height":3529},{"@type":"BreadcrumbList","@id":"https:\/\/orthopet.co\/pl\/produkt\/orthorug-luxury-orthopedic-bed\/#breadcrumb","itemListElement":[{"@type":"ListItem","position":1,"name":"Home","item":"https:\/\/orthopet.co\/"},{"@type":"ListItem","position":2,"name":"Sklep","item":"https:\/\/orthorug.eu\/pl\/sklep\/"},{"@type":"ListItem","position":3,"name":"OrthoRug\u2122 Luksusowe \u0142\u00f3\u017cko ortopedyczne"}]},{"@type":"WebSite","@id":"https:\/\/orthorug.eu\/#website","url":"https:\/\/orthorug.eu\/","name":"OrthoPet","description":"","potentialAction":[{"@type":"SearchAction","target":{"@type":"EntryPoint","urlTemplate":"https:\/\/orthorug.eu\/?s={search_term_string}"},"query-input":{"@type":"PropertyValueSpecification","valueRequired":true,"valueName":"search_term_string"}}],"inLanguage":"pl-PL"}]}},"_links":{"self":[{"href":"https:\/\/orthopet.co\/pl\/wp-json\/wp\/v2\/product\/1177","targetHints":{"allow":["GET"]}}],"collection":[{"href":"https:\/\/orthopet.co\/pl\/wp-json\/wp\/v2\/product"}],"about":[{"href":"https:\/\/orthopet.co\/pl\/wp-json\/wp\/v2\/types\/product"}],"replies":[{"embeddable":true,"href":"https:\/\/orthopet.co\/pl\/wp-json\/wp\/v2\/comments?post=1177"}],"version-history":[{"count":1,"href":"https:\/\/orthopet.co\/pl\/wp-json\/wp\/v2\/product\/1177\/revisions"}],"predecessor-version":[{"id":1659,"href":"https:\/\/orthopet.co\/pl\/wp-json\/wp\/v2\/product\/1177\/revisions\/1659"}],"wp:featuredmedia":[{"embeddable":true,"href":"https:\/\/orthopet.co\/pl\/wp-json\/wp\/v2\/media\/676"}],"wp:attachment":[{"href":"https:\/\/orthopet.co\/pl\/wp-json\/wp\/v2\/media?parent=1177"}],"wp:term":[{"taxonomy":"product_brand","embeddable":true,"href":"https:\/\/orthopet.co\/pl\/wp-json\/wp\/v2\/product_brand?post=1177"},{"taxonomy":"product_cat","embeddable":true,"href":"https:\/\/orthopet.co\/pl\/wp-json\/wp\/v2\/product_cat?post=1177"},{"taxonomy":"product_tag","embeddable":true,"href":"https:\/\/orthopet.co\/pl\/wp-json\/wp\/v2\/product_tag?post=1177"}],"curies":[{"name":"wp","href":"https:\/\/api.w.org\/{rel}","templated":true}]}}