{"id":1190,"date":"2023-01-19T15:42:17","date_gmt":"2023-01-19T15:42:17","guid":{"rendered":"https:\/\/orthorug.eu\/product\/orthorug-luksusowe-lozko-ortopedyczne-dopasowany-zapasowy-pokrowiec\/"},"modified":"2023-02-03T15:27:19","modified_gmt":"2023-02-03T15:27:19","slug":"orthorug-luxury-orthopedic-bed-matching-spare-cover","status":"publish","type":"product","link":"https:\/\/orthopet.co\/pl\/produkt\/orthorug-luxury-orthopedic-bed-matching-spare-cover\/","title":{"rendered":"OrthoRug\u2122 Luksusowe \u0142\u00f3\u017cko ortopedyczne + dopasowany zapasowy pokrowiec"},"content":{"rendered":"<div>\n<h3 style=\"text-align: center;\"><\/h3>\n<\/div>\n<div style=\"text-align: center;\"><strong>Po\u0142\u0105cz i zaoszcz\u0119d\u017a<\/strong> nasze najlepiej sprzedaj\u0105ce si\u0119 legowisko dla psa i pasuj\u0105cy do niego zapasowy pokrowiec, aby zamieni\u0107 sw\u00f3j dom w ostateczny, <strong>przyjazny wystrojowi dom dla zwierz\u0105t<\/strong>. Legowisko dla psa OrthoRug\u2122 oferuje <strong>wsparcie i komfort<\/strong> pianki z pami\u0119ci\u0105.<\/div>\n<div style=\"text-align: center;\"><\/div>\n<div style=\"text-align: center;\"><img decoding=\"async\" src=\"https:\/\/cdn.shopify.com\/s\/files\/1\/0441\/3947\/9207\/files\/7_1fdfc56c-9f25-40c7-be35-fe50e550ba20_480x480.jpg?v=1634633531\" alt=\"\" \/><\/div>\n<div style=\"text-align: center;\"><\/div>\n<div style=\"text-align: center;\">Nasz <strong>ultra mi\u0119kki pokrowiec<\/strong> z futra sztucznego jest zdejmowany i nadaj\u0105cy si\u0119 do prania oraz wyposa\u017cony w <strong>antypo\u015blizgowy sp\u00f3d<\/strong>, aby zapobiec przesuwaniu i przesuwaniu.<\/div>\n<div style=\"text-align: center;\"><\/div>\n<div style=\"text-align: center;\"><img decoding=\"async\" class=\"aligncenter\" src=\"https:\/\/cdn.shopify.com\/s\/files\/1\/0441\/3947\/9207\/products\/3_f641088e-4bdd-494e-8c58-283e20d4c2c9_480x480.jpg?v=1670247626\" alt=\"\" \/><\/div>\n<div style=\"text-align: center;\"><\/div>\n<div style=\"text-align: center;\"><\/div>\n<div style=\"text-align: center;\"><\/div>\n<div style=\"text-align: center;\"><strong>Co jest w zestawie:<\/strong><\/div>\n<div>\n<ul>\n<li style=\"text-align: center;\">1 podstawa z ortopedycznej pianki z pami\u0119ci\u0105<\/li>\n<li style=\"text-align: center;\">1 wodoodporny pokrowiec z pianki memory<\/li>\n<li style=\"text-align: center;\">2 ultra mi\u0119kkie futerko z antypo\u015blizgowym spodem<\/li>\n<li style=\"text-align: center;\">Wy\u015blemy go w dw\u00f3ch osobnych pude\u0142kach<\/li>\n<\/ul>\n<\/div>\n","protected":false},"excerpt":{"rendered":"<p>Po\u0142\u0105cz i zaoszcz\u0119d\u017a nasze najlepiej sprzedaj\u0105ce si\u0119 legowisko dla psa i pasuj\u0105cy do niego zapasowy pokrowiec, aby zamieni\u0107 sw\u00f3j dom w ostateczny, przyjazny wystrojowi dom dla zwierz\u0105t. Legowisko dla psa OrthoRug\u2122 oferuje wsparcie i komfort pianki z pami\u0119ci\u0105. Nasz ultra mi\u0119kki pokrowiec z futra sztucznego jest zdejmowany i nadaj\u0105cy si\u0119 do prania oraz wyposa\u017cony w antypo\u015blizgowy sp\u00f3d, aby zapobiec przesuwaniu i przesuwaniu. Co jest w zestawie: 1 podstawa z ortopedycznej pianki z pami\u0119ci\u0105 1 wodoodporny pokrowiec z pianki memory 2 ultra mi\u0119kkie futerko z antypo\u015blizgowym spodem Wy\u015blemy go w dw\u00f3ch osobnych pude\u0142kach<\/p>\n","protected":false},"featured_media":678,"comment_status":"open","ping_status":"closed","template":"","meta":[],"product_brand":[],"product_cat":[71,73,72],"product_tag":[],"class_list":{"0":"post-1190","1":"product","2":"type-product","3":"status-publish","4":"has-post-thumbnail","6":"product_cat-dla-psow","7":"product_cat-komplety","8":"product_cat-pokrowce","9":"pa_color-grafitowy-szary","10":"pa_color-kosc-sloniowa","11":"pa_color-sabatowy-braz","12":"pa_color-szary","14":"first","15":"instock","16":"featured","17":"taxable","18":"shipping-taxable","19":"purchasable","20":"product-type-variable"},"yoast_head":"<!-- This site is optimized with the Yoast SEO plugin v27.3 - https:\/\/yoast.com\/product\/yoast-seo-wordpress\/ -->\n<title>OrthoRug\u2122 Luksusowe \u0142\u00f3\u017cko ortopedyczne + dopasowany zapasowy pokrowiec - OrthPet<\/title>\n<meta name=\"robots\" content=\"noindex, follow, max-snippet:-1, max-image-preview:large, max-video-preview:-1\" \/>\n<meta property=\"og:locale\" content=\"pl_PL\" \/>\n<meta property=\"og:type\" content=\"article\" \/>\n<meta property=\"og:title\" content=\"OrthoRug\u2122 Luksusowe \u0142\u00f3\u017cko ortopedyczne + dopasowany zapasowy pokrowiec - OrthPet\" \/>\n<meta property=\"og:description\" content=\"Po\u0142\u0105cz i zaoszcz\u0119d\u017a nasze najlepiej sprzedaj\u0105ce si\u0119 legowisko dla psa i pasuj\u0105cy do niego zapasowy pokrowiec, aby zamieni\u0107 sw\u00f3j dom w ostateczny, przyjazny wystrojowi dom dla zwierz\u0105t. Legowisko dla psa OrthoRug\u2122 oferuje wsparcie i komfort pianki z pami\u0119ci\u0105. Nasz ultra mi\u0119kki pokrowiec z futra sztucznego jest zdejmowany i nadaj\u0105cy si\u0119 do prania oraz wyposa\u017cony w antypo\u015blizgowy sp\u00f3d, aby zapobiec przesuwaniu i przesuwaniu. Co jest w zestawie: 1 podstawa z ortopedycznej pianki z pami\u0119ci\u0105 1 wodoodporny pokrowiec z pianki memory 2 ultra mi\u0119kkie futerko z antypo\u015blizgowym spodem Wy\u015blemy go w dw\u00f3ch osobnych pude\u0142kach\" \/>\n<meta property=\"og:url\" content=\"https:\/\/orthopet.co\/pl\/produkt\/orthorug-luxury-orthopedic-bed-matching-spare-cover\/\" \/>\n<meta property=\"og:site_name\" content=\"OrthPet\" \/>\n<meta property=\"article:modified_time\" content=\"2023-02-03T15:27:19+00:00\" \/>\n<meta property=\"og:image\" content=\"https:\/\/orthopet.co\/wp-content\/uploads\/2023\/01\/dogrug2.jpg\" \/>\n\t<meta property=\"og:image:width\" content=\"540\" \/>\n\t<meta property=\"og:image:height\" content=\"540\" \/>\n\t<meta property=\"og:image:type\" content=\"image\/jpeg\" \/>\n<meta name=\"twitter:card\" content=\"summary_large_image\" \/>\n<meta name=\"twitter:label1\" content=\"Szacowany czas czytania\" \/>\n\t<meta name=\"twitter:data1\" content=\"1 minuta\" \/>\n<script type=\"application\/ld+json\" class=\"yoast-schema-graph\">{\"@context\":\"https:\\\/\\\/schema.org\",\"@graph\":[{\"@type\":\"WebPage\",\"@id\":\"https:\\\/\\\/orthopet.co\\\/pl\\\/produkt\\\/orthorug-luxury-orthopedic-bed-matching-spare-cover\\\/\",\"url\":\"https:\\\/\\\/orthopet.co\\\/pl\\\/produkt\\\/orthorug-luxury-orthopedic-bed-matching-spare-cover\\\/\",\"name\":\"OrthoRug\u2122 Luksusowe \u0142\u00f3\u017cko ortopedyczne + dopasowany zapasowy pokrowiec - OrthPet\",\"isPartOf\":{\"@id\":\"https:\\\/\\\/orthorug.eu\\\/#website\"},\"primaryImageOfPage\":{\"@id\":\"https:\\\/\\\/orthopet.co\\\/pl\\\/produkt\\\/orthorug-luxury-orthopedic-bed-matching-spare-cover\\\/#primaryimage\"},\"image\":{\"@id\":\"https:\\\/\\\/orthopet.co\\\/pl\\\/produkt\\\/orthorug-luxury-orthopedic-bed-matching-spare-cover\\\/#primaryimage\"},\"thumbnailUrl\":\"https:\\\/\\\/orthopet.co\\\/wp-content\\\/uploads\\\/2023\\\/01\\\/dogrug2.jpg\",\"datePublished\":\"2023-01-19T15:42:17+00:00\",\"dateModified\":\"2023-02-03T15:27:19+00:00\",\"breadcrumb\":{\"@id\":\"https:\\\/\\\/orthopet.co\\\/pl\\\/produkt\\\/orthorug-luxury-orthopedic-bed-matching-spare-cover\\\/#breadcrumb\"},\"inLanguage\":\"pl-PL\",\"potentialAction\":[{\"@type\":\"ReadAction\",\"target\":[\"https:\\\/\\\/orthopet.co\\\/pl\\\/produkt\\\/orthorug-luxury-orthopedic-bed-matching-spare-cover\\\/\"]}]},{\"@type\":\"ImageObject\",\"inLanguage\":\"pl-PL\",\"@id\":\"https:\\\/\\\/orthopet.co\\\/pl\\\/produkt\\\/orthorug-luxury-orthopedic-bed-matching-spare-cover\\\/#primaryimage\",\"url\":\"https:\\\/\\\/orthopet.co\\\/wp-content\\\/uploads\\\/2023\\\/01\\\/dogrug2.jpg\",\"contentUrl\":\"https:\\\/\\\/orthopet.co\\\/wp-content\\\/uploads\\\/2023\\\/01\\\/dogrug2.jpg\",\"width\":540,\"height\":540},{\"@type\":\"BreadcrumbList\",\"@id\":\"https:\\\/\\\/orthopet.co\\\/pl\\\/produkt\\\/orthorug-luxury-orthopedic-bed-matching-spare-cover\\\/#breadcrumb\",\"itemListElement\":[{\"@type\":\"ListItem\",\"position\":1,\"name\":\"Home\",\"item\":\"https:\\\/\\\/orthopet.co\\\/\"},{\"@type\":\"ListItem\",\"position\":2,\"name\":\"Sklep\",\"item\":\"https:\\\/\\\/orthorug.eu\\\/pl\\\/sklep\\\/\"},{\"@type\":\"ListItem\",\"position\":3,\"name\":\"OrthoRug\u2122 Luksusowe \u0142\u00f3\u017cko ortopedyczne + dopasowany zapasowy pokrowiec\"}]},{\"@type\":\"WebSite\",\"@id\":\"https:\\\/\\\/orthorug.eu\\\/#website\",\"url\":\"https:\\\/\\\/orthorug.eu\\\/\",\"name\":\"OrthoPet\",\"description\":\"\",\"potentialAction\":[{\"@type\":\"SearchAction\",\"target\":{\"@type\":\"EntryPoint\",\"urlTemplate\":\"https:\\\/\\\/orthorug.eu\\\/?s={search_term_string}\"},\"query-input\":{\"@type\":\"PropertyValueSpecification\",\"valueRequired\":true,\"valueName\":\"search_term_string\"}}],\"inLanguage\":\"pl-PL\"}]}<\/script>\n<!-- \/ Yoast SEO plugin. -->","yoast_head_json":{"title":"OrthoRug\u2122 Luksusowe \u0142\u00f3\u017cko ortopedyczne + dopasowany zapasowy pokrowiec - OrthPet","robots":{"index":"noindex","follow":"follow","max-snippet":"max-snippet:-1","max-image-preview":"max-image-preview:large","max-video-preview":"max-video-preview:-1"},"og_locale":"pl_PL","og_type":"article","og_title":"OrthoRug\u2122 Luksusowe \u0142\u00f3\u017cko ortopedyczne + dopasowany zapasowy pokrowiec - OrthPet","og_description":"Po\u0142\u0105cz i zaoszcz\u0119d\u017a nasze najlepiej sprzedaj\u0105ce si\u0119 legowisko dla psa i pasuj\u0105cy do niego zapasowy pokrowiec, aby zamieni\u0107 sw\u00f3j dom w ostateczny, przyjazny wystrojowi dom dla zwierz\u0105t. Legowisko dla psa OrthoRug\u2122 oferuje wsparcie i komfort pianki z pami\u0119ci\u0105. Nasz ultra mi\u0119kki pokrowiec z futra sztucznego jest zdejmowany i nadaj\u0105cy si\u0119 do prania oraz wyposa\u017cony w antypo\u015blizgowy sp\u00f3d, aby zapobiec przesuwaniu i przesuwaniu. Co jest w zestawie: 1 podstawa z ortopedycznej pianki z pami\u0119ci\u0105 1 wodoodporny pokrowiec z pianki memory 2 ultra mi\u0119kkie futerko z antypo\u015blizgowym spodem Wy\u015blemy go w dw\u00f3ch osobnych pude\u0142kach","og_url":"https:\/\/orthopet.co\/pl\/produkt\/orthorug-luxury-orthopedic-bed-matching-spare-cover\/","og_site_name":"OrthPet","article_modified_time":"2023-02-03T15:27:19+00:00","og_image":[{"width":540,"height":540,"url":"https:\/\/orthopet.co\/wp-content\/uploads\/2023\/01\/dogrug2.jpg","type":"image\/jpeg"}],"twitter_card":"summary_large_image","twitter_misc":{"Szacowany czas czytania":"1 minuta"},"schema":{"@context":"https:\/\/schema.org","@graph":[{"@type":"WebPage","@id":"https:\/\/orthopet.co\/pl\/produkt\/orthorug-luxury-orthopedic-bed-matching-spare-cover\/","url":"https:\/\/orthopet.co\/pl\/produkt\/orthorug-luxury-orthopedic-bed-matching-spare-cover\/","name":"OrthoRug\u2122 Luksusowe \u0142\u00f3\u017cko ortopedyczne + dopasowany zapasowy pokrowiec - OrthPet","isPartOf":{"@id":"https:\/\/orthorug.eu\/#website"},"primaryImageOfPage":{"@id":"https:\/\/orthopet.co\/pl\/produkt\/orthorug-luxury-orthopedic-bed-matching-spare-cover\/#primaryimage"},"image":{"@id":"https:\/\/orthopet.co\/pl\/produkt\/orthorug-luxury-orthopedic-bed-matching-spare-cover\/#primaryimage"},"thumbnailUrl":"https:\/\/orthopet.co\/wp-content\/uploads\/2023\/01\/dogrug2.jpg","datePublished":"2023-01-19T15:42:17+00:00","dateModified":"2023-02-03T15:27:19+00:00","breadcrumb":{"@id":"https:\/\/orthopet.co\/pl\/produkt\/orthorug-luxury-orthopedic-bed-matching-spare-cover\/#breadcrumb"},"inLanguage":"pl-PL","potentialAction":[{"@type":"ReadAction","target":["https:\/\/orthopet.co\/pl\/produkt\/orthorug-luxury-orthopedic-bed-matching-spare-cover\/"]}]},{"@type":"ImageObject","inLanguage":"pl-PL","@id":"https:\/\/orthopet.co\/pl\/produkt\/orthorug-luxury-orthopedic-bed-matching-spare-cover\/#primaryimage","url":"https:\/\/orthopet.co\/wp-content\/uploads\/2023\/01\/dogrug2.jpg","contentUrl":"https:\/\/orthopet.co\/wp-content\/uploads\/2023\/01\/dogrug2.jpg","width":540,"height":540},{"@type":"BreadcrumbList","@id":"https:\/\/orthopet.co\/pl\/produkt\/orthorug-luxury-orthopedic-bed-matching-spare-cover\/#breadcrumb","itemListElement":[{"@type":"ListItem","position":1,"name":"Home","item":"https:\/\/orthopet.co\/"},{"@type":"ListItem","position":2,"name":"Sklep","item":"https:\/\/orthorug.eu\/pl\/sklep\/"},{"@type":"ListItem","position":3,"name":"OrthoRug\u2122 Luksusowe \u0142\u00f3\u017cko ortopedyczne + dopasowany zapasowy pokrowiec"}]},{"@type":"WebSite","@id":"https:\/\/orthorug.eu\/#website","url":"https:\/\/orthorug.eu\/","name":"OrthoPet","description":"","potentialAction":[{"@type":"SearchAction","target":{"@type":"EntryPoint","urlTemplate":"https:\/\/orthorug.eu\/?s={search_term_string}"},"query-input":{"@type":"PropertyValueSpecification","valueRequired":true,"valueName":"search_term_string"}}],"inLanguage":"pl-PL"}]}},"_links":{"self":[{"href":"https:\/\/orthopet.co\/pl\/wp-json\/wp\/v2\/product\/1190","targetHints":{"allow":["GET"]}}],"collection":[{"href":"https:\/\/orthopet.co\/pl\/wp-json\/wp\/v2\/product"}],"about":[{"href":"https:\/\/orthopet.co\/pl\/wp-json\/wp\/v2\/types\/product"}],"replies":[{"embeddable":true,"href":"https:\/\/orthopet.co\/pl\/wp-json\/wp\/v2\/comments?post=1190"}],"version-history":[{"count":2,"href":"https:\/\/orthopet.co\/pl\/wp-json\/wp\/v2\/product\/1190\/revisions"}],"predecessor-version":[{"id":1230,"href":"https:\/\/orthopet.co\/pl\/wp-json\/wp\/v2\/product\/1190\/revisions\/1230"}],"wp:featuredmedia":[{"embeddable":true,"href":"https:\/\/orthopet.co\/pl\/wp-json\/wp\/v2\/media\/678"}],"wp:attachment":[{"href":"https:\/\/orthopet.co\/pl\/wp-json\/wp\/v2\/media?parent=1190"}],"wp:term":[{"taxonomy":"product_brand","embeddable":true,"href":"https:\/\/orthopet.co\/pl\/wp-json\/wp\/v2\/product_brand?post=1190"},{"taxonomy":"product_cat","embeddable":true,"href":"https:\/\/orthopet.co\/pl\/wp-json\/wp\/v2\/product_cat?post=1190"},{"taxonomy":"product_tag","embeddable":true,"href":"https:\/\/orthopet.co\/pl\/wp-json\/wp\/v2\/product_tag?post=1190"}],"curies":[{"name":"wp","href":"https:\/\/api.w.org\/{rel}","templated":true}]}}