{"id":1228,"date":"2023-01-19T15:56:26","date_gmt":"2023-01-19T15:56:26","guid":{"rendered":"https:\/\/orthorug.eu\/product\/orthorug-luksusowe-lozko-ortopedyczne-dla-kota\/"},"modified":"2023-01-19T15:56:26","modified_gmt":"2023-01-19T15:56:26","slug":"orthorug-cat-luxury-orthopedic-bed","status":"publish","type":"product","link":"https:\/\/orthopet.co\/pl\/produkt\/orthorug-cat-luxury-orthopedic-bed\/","title":{"rendered":"OrthoRug\u2122 Luksusowe \u0142\u00f3\u017cko ortopedyczne dla kota"},"content":{"rendered":"<p><strong>Przedstawiamy Luksusowe \u0142\u00f3\u017cko ortopedyczne dla kota<\/strong> &#8211; najnowsz\u0105 innowacj\u0119 w legowisku dla kota, kt\u00f3re jest wyko\u0144czone luksusowym futrem faux shag. Zaprojektowany z podstaw\u0105 z <strong>pianki premium memory<\/strong> o <strong>wysokiej g\u0119sto\u015bci<\/strong>, OrthoRug\u2122 minimalizuje b\u00f3l staw\u00f3w, poprawia zdrowie i mobilno\u015b\u0107, pozwalaj\u0105c Twoim futrzanym przyjacio\u0142om do\u015bwiadczy\u0107 pe\u0142nego, spokojnego snu dla poprawy zachowania i lepszego zdrowia. <\/p>\n<p>&nbsp;<\/p>\n<h2>Dlaczego koty kochaj\u0105 nasze \u0142\u00f3\u017cka?<\/h2>\n<table width=\"100%\">\n<tbody>\n<tr>\n<td>\n<div><img decoding=\"async\" src=\"https:\/\/cdn.shopify.com\/s\/files\/1\/0247\/9862\/5840\/files\/7820_-_Laundry_Detergent_788b79f7-c3d9-457c-951f-8920271f26a3_100x100.jpg?v=1582285517\" alt=\"\"><\/div>\n<div>\u0141atwe w czyszczeniu<\/div>\n<\/td>\n<td>\n<div><img decoding=\"async\" src=\"https:\/\/cdn.shopify.com\/s\/files\/1\/0247\/9862\/5840\/files\/7725_-_Zipper_I_100x100.jpg?v=1582285458\" alt=\"\"><\/div>\n<div>Wymienne pokrowce<\/div>\n<\/td>\n<td>\n<div><img decoding=\"async\" src=\"https:\/\/cdn.shopify.com\/s\/files\/1\/0247\/9862\/5840\/files\/7748_-_Folded_Clothes_100x100.jpg?v=1582285644\" alt=\"\"><\/div>\n<div>Ortopedyczna pianka z pami\u0119ci\u0105<\/div>\n<\/td>\n<\/tr>\n<tr>\n<td>\n<div><img decoding=\"async\" src=\"https:\/\/cdn.shopify.com\/s\/files\/1\/0247\/9862\/5840\/files\/6715_-_Heavy_Rain_100x100.jpg?v=1582285807\" alt=\"\"><\/div>\n<div>Odporno\u015b\u0107 na wod\u0119 i zapachy<\/div>\n<\/td>\n<td>\n<div><img decoding=\"async\" src=\"https:\/\/cdn.shopify.com\/s\/files\/1\/0247\/9862\/5840\/files\/6764_-_Good_Health_100x100.jpg?v=1582287297\" alt=\"\"><\/div>\n<div>Poprawia zdrowie<\/div>\n<\/td>\n<td>\n<div><img decoding=\"async\" src=\"https:\/\/cdn.shopify.com\/s\/files\/1\/0247\/9862\/5840\/files\/6264_-_Thumbs_Up_100x100.jpg?v=1582286873\" alt=\"\"><\/div>\n<div>Gwarancja 10 lat na wgniecenia pianki<\/div>\n<\/td>\n<\/tr>\n<\/tbody>\n<\/table>\n<p>&nbsp;<\/p>\n<p><strong>\u0141agodzi niepok\u00f3j<\/strong>: Nasz Cat OrthoRug\u2122 wykorzystuje certyfikowan\u0105 medycznie koncepcj\u0119 uspokajania kota, aby zr\u00f3wnowa\u017cy\u0107 jego uk\u0142ad nerwowy i wzmocni\u0107 istotne kr\u0105\u017cenie krwi, aby stworzy\u0107 poczucie samouspokojenia.<\/p>\n<p><img decoding=\"async\" src=\"https:\/\/cdn.shopify.com\/s\/files\/1\/0441\/3947\/9207\/products\/cat6_480x480.jpg?v=1607312395\" alt=\"\"><\/p>\n<p><strong>Wszechstronna konstrukcja<\/strong>: Doskona\u0142e wsparcie ortopedyczne klasy medycznej dla starszych kot\u00f3w zapewniaj\u0105ce komfort terapeutyczny dla b\u00f3lu staw\u00f3w, sztywno\u015bci mi\u0119\u015bni, dysplazji stawu biodrowego, zapalenia staw\u00f3w i bol\u0105cych staw\u00f3w, konturowanie idealnie do kota dla maksymalnego komfortu i zdrowego snu. Dost\u0119pne w pi\u0119knym, naturalnym kolorze, nasze dywaniki dla zwierz\u0105t domowych s\u0105 bezproblemowym dodatkiem do wystroju ka\u017cdego pomieszczenia! A poniewa\u017c s\u0105 wyko\u0144czone odpornym na wod\u0119 i brud spodem, pomagaj\u0105 zapobiega\u0107 przypadkowemu zabrudzeniu pod\u0142\u00f3g.  <\/p>\n<h2>4 warstwy ortopedycznego komfortu<\/h2>\n<p><img decoding=\"async\" src=\"https:\/\/cdn.shopify.com\/s\/files\/1\/0441\/3947\/9207\/files\/layers_1f1d3967-b078-429f-8208-1202b8ceebb3_480x480.jpg?v=1599044795\" alt=\"\"><\/p>\n<p><strong>Jako\u015b\u0107<\/strong>: Dla kr\u00f3l\u00f3w i kr\u00f3lowych! Pianka memory klasy premium zapewnia Twojemu kotu doznania podczas snu. Jest \u015bwietna dla kot\u00f3w w ka\u017cdym wieku. Zaleca si\u0119 zapewnienie pe\u0142nego wsparcia od m\u0142odego wieku, aby przed\u0142u\u017cy\u0107 zdrowie staw\u00f3w.   <\/p>\n<p><img decoding=\"async\" src=\"https:\/\/cdn.shopify.com\/s\/files\/1\/0441\/3947\/9207\/products\/cat5_480x480.jpg?v=1607312395\" alt=\"\"><\/p>\n<p><strong>Trwa\u0142e<\/strong>: Dzi\u0119ki bazie z pianki klasy premium nie sp\u0142aszcza si\u0119 z czasem i jest odporna na wod\u0119. Stoimy za naszym produktem, wi\u0119c oferujemy <strong>dziesi\u0119cioletni\u0105 gwarancj\u0119<\/strong> na wgniecenia dla wszystkich naszych \u0142\u00f3\u017cek z pianki memory. <\/p>\n<h6><\/h6>\n<p>Je\u015bli masz jakiekolwiek problemy lub pytania, po prostu <a href=\"https:\/\/orthorug.com.au\/pages\/contact-us\">skontaktuj si\u0119 z nami<\/a>. Prosz\u0119 wzi\u0105\u0107 pod uwag\u0119, \u017ce im wi\u0119kszy dywanik, tym lepszy komfort dla kota.<\/p>\n<p>&nbsp;<\/p>\n<p><strong>Co jest w zestawie:<\/strong><\/p>\n<ul>\n<li>1 odci\u0105\u017caj\u0105ca podstawa z ortopedycznej pianki z pami\u0119ci\u0105<\/li>\n<li>1 wodoodporny pokrowiec z pianki memory<\/li>\n<li>1 ultra mi\u0119kki pokrowiec z futerka z antypo\u015blizgowym spodem<\/li>\n<\/ul>\n<p>&nbsp;<\/p>\n","protected":false},"excerpt":{"rendered":"<p>Przedstawiamy Luksusowe \u0142\u00f3\u017cko ortopedyczne dla kota &#8211; najnowsz\u0105 innowacj\u0119 w legowisku dla kota, kt\u00f3re jest wyko\u0144czone luksusowym futrem faux shag. Zaprojektowany z podstaw\u0105 z pianki premium memory o wysokiej g\u0119sto\u015bci, OrthoRug\u2122 minimalizuje b\u00f3l staw\u00f3w, poprawia zdrowie i mobilno\u015b\u0107, pozwalaj\u0105c Twoim futrzanym przyjacio\u0142om do\u015bwiadczy\u0107 pe\u0142nego, spokojnego snu dla poprawy zachowania i lepszego zdrowia. &nbsp; Dlaczego koty kochaj\u0105 nasze \u0142\u00f3\u017cka? \u0141atwe w czyszczeniu Wymienne pokrowce Ortopedyczna pianka z pami\u0119ci\u0105 Odporno\u015b\u0107 na wod\u0119 i zapachy Poprawia zdrowie Gwarancja 10 lat na wgniecenia pianki &nbsp; \u0141agodzi niepok\u00f3j: Nasz Cat OrthoRug\u2122 wykorzystuje certyfikowan\u0105 medycznie koncepcj\u0119 uspokajania kota, aby zr\u00f3wnowa\u017cy\u0107 jego uk\u0142ad nerwowy i wzmocni\u0107 istotne kr\u0105\u017cenie krwi, aby stworzy\u0107 poczucie samouspokojenia. Wszechstronna konstrukcja: Doskona\u0142e wsparcie ortopedyczne klasy medycznej dla starszych kot\u00f3w zapewniaj\u0105ce komfort terapeutyczny dla b\u00f3lu staw\u00f3w, sztywno\u015bci mi\u0119\u015bni, dysplazji stawu biodrowego, zapalenia staw\u00f3w i bol\u0105cych staw\u00f3w, konturowanie idealnie do kota dla maksymalnego komfortu i zdrowego snu. Dost\u0119pne w pi\u0119knym, naturalnym kolorze, nasze dywaniki dla zwierz\u0105t domowych s\u0105 bezproblemowym dodatkiem do wystroju ka\u017cdego pomieszczenia! A poniewa\u017c s\u0105 wyko\u0144czone odpornym na wod\u0119 i brud spodem, pomagaj\u0105 zapobiega\u0107 przypadkowemu zabrudzeniu pod\u0142\u00f3g. 4 warstwy ortopedycznego komfortu Jako\u015b\u0107: Dla kr\u00f3l\u00f3w i kr\u00f3lowych! Pianka memory klasy premium zapewnia Twojemu kotu doznania podczas snu. Jest \u015bwietna dla kot\u00f3w w ka\u017cdym wieku. Zaleca si\u0119 zapewnienie pe\u0142nego wsparcia od m\u0142odego wieku, aby przed\u0142u\u017cy\u0107 zdrowie staw\u00f3w. Trwa\u0142e: Dzi\u0119ki bazie z pianki klasy premium nie sp\u0142aszcza si\u0119 z czasem i jest odporna na wod\u0119. Stoimy za naszym produktem, wi\u0119c oferujemy dziesi\u0119cioletni\u0105 gwarancj\u0119 na wgniecenia dla wszystkich naszych \u0142\u00f3\u017cek z pianki memory. Je\u015bli masz jakiekolwiek problemy lub pytania, po prostu skontaktuj si\u0119 z nami. Prosz\u0119 wzi\u0105\u0107 pod uwag\u0119, \u017ce im wi\u0119kszy dywanik, tym lepszy komfort dla kota. &nbsp; Co jest w zestawie: 1 odci\u0105\u017caj\u0105ca podstawa z ortopedycznej pianki z pami\u0119ci\u0105 1 wodoodporny pokrowiec z pianki memory 1 ultra mi\u0119kki pokrowiec z futerka z antypo\u015blizgowym spodem &nbsp;<\/p>\n","protected":false},"featured_media":684,"comment_status":"open","ping_status":"closed","template":"","meta":[],"product_brand":[],"product_cat":[75,70],"product_tag":[],"class_list":{"0":"post-1228","1":"product","2":"type-product","3":"status-publish","4":"has-post-thumbnail","6":"product_cat-dla-kotow","7":"product_cat-orthopet","8":"pa_color-kosc-sloniowa","9":"pa_color-sabatowy-braz","10":"pa_color-szary","12":"first","13":"instock","14":"featured","15":"taxable","16":"shipping-taxable","17":"purchasable","18":"product-type-variable","19":"has-default-attributes"},"yoast_head":"<!-- This site is optimized with the Yoast SEO plugin v27.4 - https:\/\/yoast.com\/product\/yoast-seo-wordpress\/ -->\n<title>OrthoRug\u2122 Luksusowe \u0142\u00f3\u017cko ortopedyczne dla kota - OrthPet<\/title>\n<meta name=\"robots\" content=\"noindex, follow, max-snippet:-1, max-image-preview:large, max-video-preview:-1\" \/>\n<meta property=\"og:locale\" content=\"pl_PL\" \/>\n<meta property=\"og:type\" content=\"article\" \/>\n<meta property=\"og:title\" content=\"OrthoRug\u2122 Luksusowe \u0142\u00f3\u017cko ortopedyczne dla kota - OrthPet\" \/>\n<meta property=\"og:description\" content=\"Przedstawiamy Luksusowe \u0142\u00f3\u017cko ortopedyczne dla kota &#8211; najnowsz\u0105 innowacj\u0119 w legowisku dla kota, kt\u00f3re jest wyko\u0144czone luksusowym futrem faux shag. Zaprojektowany z podstaw\u0105 z pianki premium memory o wysokiej g\u0119sto\u015bci, OrthoRug\u2122 minimalizuje b\u00f3l staw\u00f3w, poprawia zdrowie i mobilno\u015b\u0107, pozwalaj\u0105c Twoim futrzanym przyjacio\u0142om do\u015bwiadczy\u0107 pe\u0142nego, spokojnego snu dla poprawy zachowania i lepszego zdrowia. &nbsp; Dlaczego koty kochaj\u0105 nasze \u0142\u00f3\u017cka? \u0141atwe w czyszczeniu Wymienne pokrowce Ortopedyczna pianka z pami\u0119ci\u0105 Odporno\u015b\u0107 na wod\u0119 i zapachy Poprawia zdrowie Gwarancja 10 lat na wgniecenia pianki &nbsp; \u0141agodzi niepok\u00f3j: Nasz Cat OrthoRug\u2122 wykorzystuje certyfikowan\u0105 medycznie koncepcj\u0119 uspokajania kota, aby zr\u00f3wnowa\u017cy\u0107 jego uk\u0142ad nerwowy i wzmocni\u0107 istotne kr\u0105\u017cenie krwi, aby stworzy\u0107 poczucie samouspokojenia. Wszechstronna konstrukcja: Doskona\u0142e wsparcie ortopedyczne klasy medycznej dla starszych kot\u00f3w zapewniaj\u0105ce komfort terapeutyczny dla b\u00f3lu staw\u00f3w, sztywno\u015bci mi\u0119\u015bni, dysplazji stawu biodrowego, zapalenia staw\u00f3w i bol\u0105cych staw\u00f3w, konturowanie idealnie do kota dla maksymalnego komfortu i zdrowego snu. Dost\u0119pne w pi\u0119knym, naturalnym kolorze, nasze dywaniki dla zwierz\u0105t domowych s\u0105 bezproblemowym dodatkiem do wystroju ka\u017cdego pomieszczenia! A poniewa\u017c s\u0105 wyko\u0144czone odpornym na wod\u0119 i brud spodem, pomagaj\u0105 zapobiega\u0107 przypadkowemu zabrudzeniu pod\u0142\u00f3g. 4 warstwy ortopedycznego komfortu Jako\u015b\u0107: Dla kr\u00f3l\u00f3w i kr\u00f3lowych! Pianka memory klasy premium zapewnia Twojemu kotu doznania podczas snu. Jest \u015bwietna dla kot\u00f3w w ka\u017cdym wieku. Zaleca si\u0119 zapewnienie pe\u0142nego wsparcia od m\u0142odego wieku, aby przed\u0142u\u017cy\u0107 zdrowie staw\u00f3w. Trwa\u0142e: Dzi\u0119ki bazie z pianki klasy premium nie sp\u0142aszcza si\u0119 z czasem i jest odporna na wod\u0119. Stoimy za naszym produktem, wi\u0119c oferujemy dziesi\u0119cioletni\u0105 gwarancj\u0119 na wgniecenia dla wszystkich naszych \u0142\u00f3\u017cek z pianki memory. Je\u015bli masz jakiekolwiek problemy lub pytania, po prostu skontaktuj si\u0119 z nami. Prosz\u0119 wzi\u0105\u0107 pod uwag\u0119, \u017ce im wi\u0119kszy dywanik, tym lepszy komfort dla kota. &nbsp; Co jest w zestawie: 1 odci\u0105\u017caj\u0105ca podstawa z ortopedycznej pianki z pami\u0119ci\u0105 1 wodoodporny pokrowiec z pianki memory 1 ultra mi\u0119kki pokrowiec z futerka z antypo\u015blizgowym spodem &nbsp;\" \/>\n<meta property=\"og:url\" content=\"https:\/\/orthopet.co\/pl\/produkt\/orthorug-cat-luxury-orthopedic-bed\/\" \/>\n<meta property=\"og:site_name\" content=\"OrthPet\" \/>\n<meta property=\"og:image\" content=\"https:\/\/orthopet.co\/wp-content\/uploads\/2023\/01\/sadfvsadfv.jpg\" \/>\n\t<meta property=\"og:image:width\" content=\"540\" \/>\n\t<meta property=\"og:image:height\" content=\"540\" \/>\n\t<meta property=\"og:image:type\" content=\"image\/jpeg\" \/>\n<meta name=\"twitter:card\" content=\"summary_large_image\" \/>\n<meta name=\"twitter:label1\" content=\"Szacowany czas czytania\" \/>\n\t<meta name=\"twitter:data1\" content=\"2 minuty\" \/>\n<script type=\"application\/ld+json\" class=\"yoast-schema-graph\">{\"@context\":\"https:\\\/\\\/schema.org\",\"@graph\":[{\"@type\":\"WebPage\",\"@id\":\"https:\\\/\\\/orthopet.co\\\/pl\\\/produkt\\\/orthorug-cat-luxury-orthopedic-bed\\\/\",\"url\":\"https:\\\/\\\/orthopet.co\\\/pl\\\/produkt\\\/orthorug-cat-luxury-orthopedic-bed\\\/\",\"name\":\"OrthoRug\u2122 Luksusowe \u0142\u00f3\u017cko ortopedyczne dla kota - OrthPet\",\"isPartOf\":{\"@id\":\"https:\\\/\\\/orthorug.eu\\\/#website\"},\"primaryImageOfPage\":{\"@id\":\"https:\\\/\\\/orthopet.co\\\/pl\\\/produkt\\\/orthorug-cat-luxury-orthopedic-bed\\\/#primaryimage\"},\"image\":{\"@id\":\"https:\\\/\\\/orthopet.co\\\/pl\\\/produkt\\\/orthorug-cat-luxury-orthopedic-bed\\\/#primaryimage\"},\"thumbnailUrl\":\"https:\\\/\\\/orthopet.co\\\/wp-content\\\/uploads\\\/2023\\\/01\\\/sadfvsadfv.jpg\",\"datePublished\":\"2023-01-19T15:56:26+00:00\",\"breadcrumb\":{\"@id\":\"https:\\\/\\\/orthopet.co\\\/pl\\\/produkt\\\/orthorug-cat-luxury-orthopedic-bed\\\/#breadcrumb\"},\"inLanguage\":\"pl-PL\",\"potentialAction\":[{\"@type\":\"ReadAction\",\"target\":[\"https:\\\/\\\/orthopet.co\\\/pl\\\/produkt\\\/orthorug-cat-luxury-orthopedic-bed\\\/\"]}]},{\"@type\":\"ImageObject\",\"inLanguage\":\"pl-PL\",\"@id\":\"https:\\\/\\\/orthopet.co\\\/pl\\\/produkt\\\/orthorug-cat-luxury-orthopedic-bed\\\/#primaryimage\",\"url\":\"https:\\\/\\\/orthopet.co\\\/wp-content\\\/uploads\\\/2023\\\/01\\\/sadfvsadfv.jpg\",\"contentUrl\":\"https:\\\/\\\/orthopet.co\\\/wp-content\\\/uploads\\\/2023\\\/01\\\/sadfvsadfv.jpg\",\"width\":540,\"height\":540},{\"@type\":\"BreadcrumbList\",\"@id\":\"https:\\\/\\\/orthopet.co\\\/pl\\\/produkt\\\/orthorug-cat-luxury-orthopedic-bed\\\/#breadcrumb\",\"itemListElement\":[{\"@type\":\"ListItem\",\"position\":1,\"name\":\"Home\",\"item\":\"https:\\\/\\\/orthopet.co\\\/\"},{\"@type\":\"ListItem\",\"position\":2,\"name\":\"Sklep\",\"item\":\"https:\\\/\\\/orthorug.eu\\\/pl\\\/sklep\\\/\"},{\"@type\":\"ListItem\",\"position\":3,\"name\":\"OrthoRug\u2122 Luksusowe \u0142\u00f3\u017cko ortopedyczne dla kota\"}]},{\"@type\":\"WebSite\",\"@id\":\"https:\\\/\\\/orthorug.eu\\\/#website\",\"url\":\"https:\\\/\\\/orthorug.eu\\\/\",\"name\":\"OrthoPet\",\"description\":\"\",\"potentialAction\":[{\"@type\":\"SearchAction\",\"target\":{\"@type\":\"EntryPoint\",\"urlTemplate\":\"https:\\\/\\\/orthorug.eu\\\/?s={search_term_string}\"},\"query-input\":{\"@type\":\"PropertyValueSpecification\",\"valueRequired\":true,\"valueName\":\"search_term_string\"}}],\"inLanguage\":\"pl-PL\"}]}<\/script>\n<!-- \/ Yoast SEO plugin. -->","yoast_head_json":{"title":"OrthoRug\u2122 Luksusowe \u0142\u00f3\u017cko ortopedyczne dla kota - OrthPet","robots":{"index":"noindex","follow":"follow","max-snippet":"max-snippet:-1","max-image-preview":"max-image-preview:large","max-video-preview":"max-video-preview:-1"},"og_locale":"pl_PL","og_type":"article","og_title":"OrthoRug\u2122 Luksusowe \u0142\u00f3\u017cko ortopedyczne dla kota - OrthPet","og_description":"Przedstawiamy Luksusowe \u0142\u00f3\u017cko ortopedyczne dla kota &#8211; najnowsz\u0105 innowacj\u0119 w legowisku dla kota, kt\u00f3re jest wyko\u0144czone luksusowym futrem faux shag. Zaprojektowany z podstaw\u0105 z pianki premium memory o wysokiej g\u0119sto\u015bci, OrthoRug\u2122 minimalizuje b\u00f3l staw\u00f3w, poprawia zdrowie i mobilno\u015b\u0107, pozwalaj\u0105c Twoim futrzanym przyjacio\u0142om do\u015bwiadczy\u0107 pe\u0142nego, spokojnego snu dla poprawy zachowania i lepszego zdrowia. &nbsp; Dlaczego koty kochaj\u0105 nasze \u0142\u00f3\u017cka? \u0141atwe w czyszczeniu Wymienne pokrowce Ortopedyczna pianka z pami\u0119ci\u0105 Odporno\u015b\u0107 na wod\u0119 i zapachy Poprawia zdrowie Gwarancja 10 lat na wgniecenia pianki &nbsp; \u0141agodzi niepok\u00f3j: Nasz Cat OrthoRug\u2122 wykorzystuje certyfikowan\u0105 medycznie koncepcj\u0119 uspokajania kota, aby zr\u00f3wnowa\u017cy\u0107 jego uk\u0142ad nerwowy i wzmocni\u0107 istotne kr\u0105\u017cenie krwi, aby stworzy\u0107 poczucie samouspokojenia. Wszechstronna konstrukcja: Doskona\u0142e wsparcie ortopedyczne klasy medycznej dla starszych kot\u00f3w zapewniaj\u0105ce komfort terapeutyczny dla b\u00f3lu staw\u00f3w, sztywno\u015bci mi\u0119\u015bni, dysplazji stawu biodrowego, zapalenia staw\u00f3w i bol\u0105cych staw\u00f3w, konturowanie idealnie do kota dla maksymalnego komfortu i zdrowego snu. Dost\u0119pne w pi\u0119knym, naturalnym kolorze, nasze dywaniki dla zwierz\u0105t domowych s\u0105 bezproblemowym dodatkiem do wystroju ka\u017cdego pomieszczenia! A poniewa\u017c s\u0105 wyko\u0144czone odpornym na wod\u0119 i brud spodem, pomagaj\u0105 zapobiega\u0107 przypadkowemu zabrudzeniu pod\u0142\u00f3g. 4 warstwy ortopedycznego komfortu Jako\u015b\u0107: Dla kr\u00f3l\u00f3w i kr\u00f3lowych! Pianka memory klasy premium zapewnia Twojemu kotu doznania podczas snu. Jest \u015bwietna dla kot\u00f3w w ka\u017cdym wieku. Zaleca si\u0119 zapewnienie pe\u0142nego wsparcia od m\u0142odego wieku, aby przed\u0142u\u017cy\u0107 zdrowie staw\u00f3w. Trwa\u0142e: Dzi\u0119ki bazie z pianki klasy premium nie sp\u0142aszcza si\u0119 z czasem i jest odporna na wod\u0119. Stoimy za naszym produktem, wi\u0119c oferujemy dziesi\u0119cioletni\u0105 gwarancj\u0119 na wgniecenia dla wszystkich naszych \u0142\u00f3\u017cek z pianki memory. Je\u015bli masz jakiekolwiek problemy lub pytania, po prostu skontaktuj si\u0119 z nami. Prosz\u0119 wzi\u0105\u0107 pod uwag\u0119, \u017ce im wi\u0119kszy dywanik, tym lepszy komfort dla kota. &nbsp; Co jest w zestawie: 1 odci\u0105\u017caj\u0105ca podstawa z ortopedycznej pianki z pami\u0119ci\u0105 1 wodoodporny pokrowiec z pianki memory 1 ultra mi\u0119kki pokrowiec z futerka z antypo\u015blizgowym spodem &nbsp;","og_url":"https:\/\/orthopet.co\/pl\/produkt\/orthorug-cat-luxury-orthopedic-bed\/","og_site_name":"OrthPet","og_image":[{"width":540,"height":540,"url":"https:\/\/orthopet.co\/wp-content\/uploads\/2023\/01\/sadfvsadfv.jpg","type":"image\/jpeg"}],"twitter_card":"summary_large_image","twitter_misc":{"Szacowany czas czytania":"2 minuty"},"schema":{"@context":"https:\/\/schema.org","@graph":[{"@type":"WebPage","@id":"https:\/\/orthopet.co\/pl\/produkt\/orthorug-cat-luxury-orthopedic-bed\/","url":"https:\/\/orthopet.co\/pl\/produkt\/orthorug-cat-luxury-orthopedic-bed\/","name":"OrthoRug\u2122 Luksusowe \u0142\u00f3\u017cko ortopedyczne dla kota - OrthPet","isPartOf":{"@id":"https:\/\/orthorug.eu\/#website"},"primaryImageOfPage":{"@id":"https:\/\/orthopet.co\/pl\/produkt\/orthorug-cat-luxury-orthopedic-bed\/#primaryimage"},"image":{"@id":"https:\/\/orthopet.co\/pl\/produkt\/orthorug-cat-luxury-orthopedic-bed\/#primaryimage"},"thumbnailUrl":"https:\/\/orthopet.co\/wp-content\/uploads\/2023\/01\/sadfvsadfv.jpg","datePublished":"2023-01-19T15:56:26+00:00","breadcrumb":{"@id":"https:\/\/orthopet.co\/pl\/produkt\/orthorug-cat-luxury-orthopedic-bed\/#breadcrumb"},"inLanguage":"pl-PL","potentialAction":[{"@type":"ReadAction","target":["https:\/\/orthopet.co\/pl\/produkt\/orthorug-cat-luxury-orthopedic-bed\/"]}]},{"@type":"ImageObject","inLanguage":"pl-PL","@id":"https:\/\/orthopet.co\/pl\/produkt\/orthorug-cat-luxury-orthopedic-bed\/#primaryimage","url":"https:\/\/orthopet.co\/wp-content\/uploads\/2023\/01\/sadfvsadfv.jpg","contentUrl":"https:\/\/orthopet.co\/wp-content\/uploads\/2023\/01\/sadfvsadfv.jpg","width":540,"height":540},{"@type":"BreadcrumbList","@id":"https:\/\/orthopet.co\/pl\/produkt\/orthorug-cat-luxury-orthopedic-bed\/#breadcrumb","itemListElement":[{"@type":"ListItem","position":1,"name":"Home","item":"https:\/\/orthopet.co\/"},{"@type":"ListItem","position":2,"name":"Sklep","item":"https:\/\/orthorug.eu\/pl\/sklep\/"},{"@type":"ListItem","position":3,"name":"OrthoRug\u2122 Luksusowe \u0142\u00f3\u017cko ortopedyczne dla kota"}]},{"@type":"WebSite","@id":"https:\/\/orthorug.eu\/#website","url":"https:\/\/orthorug.eu\/","name":"OrthoPet","description":"","potentialAction":[{"@type":"SearchAction","target":{"@type":"EntryPoint","urlTemplate":"https:\/\/orthorug.eu\/?s={search_term_string}"},"query-input":{"@type":"PropertyValueSpecification","valueRequired":true,"valueName":"search_term_string"}}],"inLanguage":"pl-PL"}]}},"_links":{"self":[{"href":"https:\/\/orthopet.co\/pl\/wp-json\/wp\/v2\/product\/1228","targetHints":{"allow":["GET"]}}],"collection":[{"href":"https:\/\/orthopet.co\/pl\/wp-json\/wp\/v2\/product"}],"about":[{"href":"https:\/\/orthopet.co\/pl\/wp-json\/wp\/v2\/types\/product"}],"replies":[{"embeddable":true,"href":"https:\/\/orthopet.co\/pl\/wp-json\/wp\/v2\/comments?post=1228"}],"version-history":[{"count":0,"href":"https:\/\/orthopet.co\/pl\/wp-json\/wp\/v2\/product\/1228\/revisions"}],"wp:featuredmedia":[{"embeddable":true,"href":"https:\/\/orthopet.co\/pl\/wp-json\/wp\/v2\/media\/684"}],"wp:attachment":[{"href":"https:\/\/orthopet.co\/pl\/wp-json\/wp\/v2\/media?parent=1228"}],"wp:term":[{"taxonomy":"product_brand","embeddable":true,"href":"https:\/\/orthopet.co\/pl\/wp-json\/wp\/v2\/product_brand?post=1228"},{"taxonomy":"product_cat","embeddable":true,"href":"https:\/\/orthopet.co\/pl\/wp-json\/wp\/v2\/product_cat?post=1228"},{"taxonomy":"product_tag","embeddable":true,"href":"https:\/\/orthopet.co\/pl\/wp-json\/wp\/v2\/product_tag?post=1228"}],"curies":[{"name":"wp","href":"https:\/\/api.w.org\/{rel}","templated":true}]}}